{"id":18774,"date":"2023-02-08T22:54:13","date_gmt":"2023-02-09T02:54:13","guid":{"rendered":"https:\/\/vanderloubet.com.br\/deputado\/?page_id=18774"},"modified":"2024-11-07T13:45:07","modified_gmt":"2024-11-07T17:45:07","slug":"politica-de-privacidade","status":"publish","type":"page","link":"https:\/\/vanderloubet.com.br\/deputado\/politica-de-privacidade\/","title":{"rendered":"Pol\u00edtica de privacidade"},"content":{"rendered":"<div id=\"tdi_1\" class=\"tdc-zone\"><div class=\"tdc_zone tdi_2  wpb_row td-pb-row\"  >\n<style scoped>\n\/* custom css - generated by TagDiv Composer *\/\n\n\/* custom css - generated by TagDiv Composer *\/\n.tdi_2{\r\n                    min-height: 0;\r\n                }\n<\/style><div id=\"tdi_3\" class=\"tdc-row\"><div class=\"vc_row tdi_4  wpb_row td-pb-row\" >\n<style scoped>\n\/* custom css - generated by TagDiv Composer *\/\n\n\/* custom css - generated by TagDiv Composer *\/\n.tdi_4,\r\n                .tdi_4 .tdc-columns{\r\n                    min-height: 0;\r\n                }.tdi_4,\r\n\t\t\t\t.tdi_4 .tdc-columns{\r\n\t\t\t\t    display: block;\r\n\t\t\t\t}.tdi_4 .tdc-columns{\r\n\t\t\t\t    width: 100%;\r\n\t\t\t\t}.tdi_4:before,\r\n\t\t\t\t.tdi_4:after{\r\n\t\t\t\t    display: table;\r\n\t\t\t\t}\n<\/style><div class=\"vc_column tdi_6  wpb_column vc_column_container tdc-column td-pb-span12\">\n<style scoped>\n\/* custom css - generated by TagDiv Composer *\/\n\n\/* custom css - generated by TagDiv Composer *\/\n.tdi_6{\r\n                    vertical-align: baseline;\r\n                }.tdi_6 > .wpb_wrapper,\r\n\t\t\t\t.tdi_6 > .wpb_wrapper > .tdc-elements{\r\n\t\t\t\t    display: block;\r\n\t\t\t\t}.tdi_6 > .wpb_wrapper > .tdc-elements{\r\n\t\t\t\t    width: 100%;\r\n\t\t\t\t}.tdi_6 > .wpb_wrapper > .vc_row_inner{\r\n\t\t\t\t    width: auto;\r\n\t\t\t\t}.tdi_6 > .wpb_wrapper{\r\n\t\t\t\t    width: auto;\r\n\t\t\t\t    height: auto;\r\n\t\t\t\t}\n<\/style><div class=\"wpb_wrapper\" ><div class=\"wpb_wrapper wpb_text_column td_block_wrap td_block_wrap vc_column_text tdi_7  tagdiv-type td-pb-border-top td_block_template_17\"  data-td-block-uid=\"tdi_7\" >\n<style>\n.td_block_template_17.widget > ul > li {\r\n                margin-left: 0 !important;\r\n            }\r\n            .td_block_template_17 {\r\n                transform: translateZ(0);\r\n                -webkit-transform: translateZ(0);\r\n            }\r\n            .td_block_template_17 .td-block-title {\r\n                font-size: 16px;\r\n                font-weight: 500;\r\n                margin: 3px 3px 29px;\r\n                padding: 12px 0 11px;\r\n                line-height: 1;\r\n                position: relative;\r\n                text-align: center;\r\n                border: 1px solid var(--td_header_color, #111);\r\n                background-color: var(--td_theme_color, #fff);\r\n                top: -3px;\r\n            }\r\n            .td_block_template_17 .td-block-title > * {\r\n                color: var(--td_text_header_color, #111);\r\n                margin: 0 15px;\r\n            }\r\n            .td_block_template_17 .td-block-title:before {\r\n                content: '';\r\n                height: 100%;\r\n                position: absolute;\r\n                top: 4px;\r\n                left: -4px;\r\n                right: -4px;\r\n                border: 1px solid var(--td_header_color, #111);\r\n                background-color: var(--td_header_color, #111);\r\n                z-index: -1;\r\n            }\r\n            .td_block_template_17 .td-block-title:after {\r\n                content: '';\r\n                position: absolute;\r\n                top: 100%;\r\n                left: 0;\r\n                right: 0;\r\n                margin: 3px auto 0;\r\n                width: 0;\r\n                height: 0;\r\n                border-style: solid;\r\n                border-width: 8px 8px 0 8px;\r\n                border-color: var(--td_header_color, #111) transparent transparent transparent;\r\n            }\r\n            .td_block_template_17 .td-block-title-wrap {\r\n                transform: translateZ(0);\r\n                -webkit-transform: translateZ(0);\r\n                z-index: 2;\r\n            }\r\n            .td_block_template_17 .td-block-title-wrap .td-wrapper-pulldown-filter {\r\n                background-color: transparent !important;\r\n                display: inline-block;\r\n                color: #111;\r\n                top: -3px;\r\n            }\r\n            .td_block_template_17 .td-block-title-wrap .td-wrapper-pulldown-filter .td-pulldown-filter-display-option {\r\n                height: 100%;\r\n                display: table;\r\n            }\r\n            .td_block_template_17 .td-block-title-wrap .td-wrapper-pulldown-filter i {\r\n                margin-right: 16px;\r\n                color: #111;\r\n            }\r\n            .td_block_template_17 .td-block-title-wrap .td-wrapper-pulldown-filter .td-pulldown-filter-list {\r\n                border-width: 0 1px 1px;\r\n            }\r\n            .td_block_template_17 .td-block-title-wrap .td-wrapper-pulldown-filter .td-pulldown-filter-link {\r\n                padding-right: 32px;\r\n            }\r\n            .td_block_template_17 .td-block-title-wrap .td-wrapper-pulldown-filter .td-pulldown-more {\r\n                vertical-align: middle;\r\n                display: table-cell;\r\n                padding: 0;\r\n                opacity: 0.8;\r\n            }\r\n            @media (max-width: 767px) {\r\n                .td_block_template_17 .td-block-title-wrap .td-wrapper-pulldown-filter .td-pulldown-more {\r\n                    padding-right: 5px;\r\n                }\r\n                .td_block_template_17 .td-block-title-wrap .td-wrapper-pulldown-filter .td-pulldown-more span {\r\n                    display: none;\r\n                }\r\n            }\r\n            .td_block_template_17.widget,\r\n            .td_block_template_17.td_block_social_counter {\r\n                transform: translateZ(0);\r\n                -webkit-transform: translateZ(0);\r\n            }\r\n            .td_block_template_17 .td-related-title a {\r\n                margin-right: 10px;\r\n                margin-left: 10px;\r\n            }\r\n            @media (max-width: 767px) {\r\n                .td_block_template_17 .td-related-title a {\r\n                    margin: 0 8px !important;\r\n                    font-size: 14px;\r\n                }\r\n            }\r\n            .td_block_template_17 .td-related-title .td-cur-simple-item {\r\n                color: var(--td_theme_color, #4db2ec);\r\n            }\r\n            .td-pb-span4 .td_block_template_17 .td-block-title-wrap .td-pulldown-more {\r\n                padding-right: 5px;\r\n            }\r\n            .td-pb-span4 .td_block_template_17 .td-block-title-wrap .td-pulldown-more span {\r\n                display: none;\r\n            }\r\n            .td-pb-span4 .td_block_template_17 .td-block-title-wrap .td-wrapper-pulldown-filter .td-pulldown-filter-link {\r\n                padding-right: 22px;\r\n                padding-left: 26px;\r\n            }\n<\/style>\n<style>\n\/* custom css - generated by TagDiv Composer *\/\n.vc_column_text > .td-element-style{\r\n\t\t\t\t\tz-index: -1;\r\n\t\t\t\t}.tdi_7 h4{\r\n\t\t\t        font-weight:600 !important;\r\n\t\t        }\n<\/style><div class=\"td-block-title-wrap\"><h4 class=\"td-block-title\"><span>Pol\u00edtica de privacidade<\/span><\/h4><\/div><div class=\"td-fix-index\"><p>A privacidade dos visitantes do nosso site \u00e9 muito importante para n\u00f3s e estamos comprometidos em proteg\u00ea-la. Esta pol\u00edtica explica o que faremos com suas informa\u00e7\u00f5es pessoais.<\/p>\n<p><strong>Quais dados coletamos<\/strong><\/p>\n<p>Utilizamos plataformas como Facebook Pixel, Google Analytics e outras, que podem coletar dados como:<\/p>\n<ul>\n<li>informa\u00e7\u00f5es como seu endere\u00e7o IP, localiza\u00e7\u00e3o geogr\u00e1fica, tipo e vers\u00e3o do navegador e sistema operacional;<\/li>\n<li>informa\u00e7\u00f5es sobre suas visitas e uso deste site, incluindo fonte de refer\u00eancia, dura\u00e7\u00e3o da visita, visualiza\u00e7\u00f5es de p\u00e1gina e caminhos de navega\u00e7\u00e3o no site;<\/li>\n<li>informa\u00e7\u00f5es, como seu endere\u00e7o de e-mail, que voc\u00ea digita quando se registra em nosso site;<\/li>\n<li>informa\u00e7\u00f5es, como seu nome e endere\u00e7o de e-mail, que voc\u00ea digita para configurar assinaturas de nossos e-mails e\/ou newsletters;<\/li>\n<li>informa\u00e7\u00f5es que voc\u00ea digita durante o uso dos servi\u00e7os em nosso site;<\/li>\n<li>informa\u00e7\u00f5es geradas ao usar nosso site, incluindo quando, com que frequ\u00eancia e em que circunst\u00e2ncias voc\u00ea o utiliza;<\/li>\n<li>informa\u00e7\u00f5es contidas em quaisquer comunica\u00e7\u00f5es que voc\u00ea nos envia por e-mail ou atrav\u00e9s de nosso site, incluindo o conte\u00fado e os metadados da comunica\u00e7\u00e3o;<\/li>\n<li>qualquer outra informa\u00e7\u00e3o pessoal que voc\u00ea nos enviar.<\/li>\n<\/ul>\n<p><strong>Usos dos dados<\/strong><\/p>\n<p>As informa\u00e7\u00f5es pessoais que nos s\u00e3o enviadas por meio de nosso site ser\u00e3o usadas para os fins especificados nesta pol\u00edtica ou nas p\u00e1ginas relevantes do site. Podemos usar suas informa\u00e7\u00f5es pessoais para o seguinte:<\/p>\n<ul>\n<li>administrar nosso site;<\/li>\n<li>personalizar nosso site para voc\u00ea;<\/li>\n<li>possibilitar o uso dos servi\u00e7os dispon\u00edveis em nosso site;<\/li>\n<li>enviar comunica\u00e7\u00f5es comerciais que n\u00e3o sejam de marketing;<\/li>\n<li>enviar notifica\u00e7\u00f5es por e-mail solicitadas especificamente por voc\u00ea;<\/li>\n<li>enviar nossa newsletter por e-mail, caso voc\u00ea a tenha solicitado (voc\u00ea pode nos informar a qualquer momento se n\u00e3o quiser mais receber a newsletter);<\/li>\n<li>enviar comunica\u00e7\u00f5es de marketing relacionadas as nossas atividades ou atividades de terceiros cuidadosamente selecionados que acreditamos ser do seu interesse, por correio ou, onde voc\u00ea especificamente concordou com isso, por e-mail ou tecnologia semelhante (voc\u00ea pode nos informar a qualquer momento se n\u00e3o mais quiser mais receber comunica\u00e7\u00f5es de marketing);<\/li>\n<li>fornecer a terceiros informa\u00e7\u00f5es estat\u00edsticas ou mercadol\u00f3gicas sobre nossos usu\u00e1rios (mas esses terceiros n\u00e3o poder\u00e3o identificar nenhum usu\u00e1rio individual a partir dessas informa\u00e7\u00f5es);<\/li>\n<li>lidar com perguntas e reclama\u00e7\u00f5es feitas por voc\u00ea ou sobre voc\u00ea em rela\u00e7\u00e3o ao nosso site;<\/li>\n<li>manter nosso site seguro e evitar fraudes;<\/li>\n<li>verificar a conformidade com os termos e condi\u00e7\u00f5es que regem o uso do nosso site (incluindo o monitoramento de mensagens privadas enviadas por meio do servi\u00e7o de mensagens privadas do nosso site); e<\/li>\n<li>outros usos.<\/li>\n<\/ul>\n<p>Suas configura\u00e7\u00f5es de privacidade podem ser usadas para limitar a publica\u00e7\u00e3o de suas informa\u00e7\u00f5es em nosso site e ajustadas atrav\u00e9s do uso de controles de privacidade no site.<\/p>\n<p>Sem seu consentimento expresso, n\u00e3o forneceremos suas informa\u00e7\u00f5es pessoais a terceiros para fins de marketing direto por parte deles ou de terceiros.<\/p>\n<p><strong>Divulga\u00e7\u00e3o de informa\u00e7\u00f5es pessoais<\/strong><\/p>\n<p>Podemos divulgar suas informa\u00e7\u00f5es pessoais a qualquer um de nossos funcion\u00e1rios, consultores profissionais, fornecedores ou subcontratados conforme razoavelmente necess\u00e1rio para os fins estabelecidos nesta pol\u00edtica.<\/p>\n<p>Podemos divulgar suas informa\u00e7\u00f5es pessoais:<\/p>\n<ul>\n<li>na medida em que somos obrigados a faz\u00ea-lo por lei;<\/li>\n<li>em rela\u00e7\u00e3o a qualquer processo judicial em andamento ou potencial;<\/li>\n<li>a qualquer pessoa que acreditemos razoavelmente que possa solicitar a um tribunal ou outra autoridade competente a divulga\u00e7\u00e3o dessas informa\u00e7\u00f5es pessoais, quando, em nossa opini\u00e3o razo\u00e1vel, for prov\u00e1vel que tal tribunal ou autoridade ordene a divulga\u00e7\u00e3o dessas informa\u00e7\u00f5es pessoais.<\/li>\n<\/ul>\n<p>Exceto conforme estabelecido nesta pol\u00edtica, n\u00e3o forneceremos suas informa\u00e7\u00f5es pessoais a terceiros.<\/p>\n<p><strong>Reten\u00e7\u00e3o de informa\u00e7\u00f5es pessoais<\/strong><\/p>\n<p>Esta se\u00e7\u00e3o define nossas pol\u00edticas e procedimentos de reten\u00e7\u00e3o de dados, projetados para ajudar a garantir o cumprimento de nossas obriga\u00e7\u00f5es legais em rela\u00e7\u00e3o \u00e0 reten\u00e7\u00e3o e exclus\u00e3o de informa\u00e7\u00f5es pessoais.<\/p>\n<p>As informa\u00e7\u00f5es pessoais que processamos para qualquer prop\u00f3sito ou prop\u00f3sitos n\u00e3o devem ser mantidas por mais tempo do que o necess\u00e1rio para esse prop\u00f3sito ou prop\u00f3sitos.<\/p>\n<p>Reteremos documentos (incluindo documentos eletr\u00f4nicos) que contenham dados pessoais:<\/p>\n<ul>\n<li>na medida em que somos obrigados a faz\u00ea-lo por lei;<\/li>\n<li>se acreditarmos que os documentos podem ser relevantes para qualquer processo judicial em andamento ou potencial; e<\/li>\n<li>para estabelecer, exercer ou defender nossos direitos legais.<\/li>\n<\/ul>\n<p><strong>Seguran\u00e7a de suas informa\u00e7\u00f5es pessoais<\/strong><\/p>\n<p>Tomaremos as devidas precau\u00e7\u00f5es t\u00e9cnicas e organizacionais para evitar a perda, mau uso ou altera\u00e7\u00e3o de suas informa\u00e7\u00f5es pessoais.<\/p>\n<p>Armazenaremos todas as suas informa\u00e7\u00f5es pessoais fornecidas em nossos servidores seguros (protegidos por senha e firewall).<\/p>\n<p>Todas as transa\u00e7\u00f5es financeiras eletr\u00f4nicas realizadas atrav\u00e9s do nosso site ser\u00e3o protegidas por tecnologia de criptografia.<\/p>\n<p>Voc\u00ea reconhece que a transmiss\u00e3o de informa\u00e7\u00f5es pela internet \u00e9 inerentemente insegura e que n\u00e3o podemos garantir a seguran\u00e7a dos dados enviados pela internet.<\/p>\n<p>Voc\u00ea \u00e9 respons\u00e1vel por manter em sigilo a senha usada para acessar nosso site; n\u00e3o solicitaremos sua senha (exceto quando voc\u00ea fizer login em nosso site).<\/p>\n<p><strong>Altera\u00e7\u00f5es<\/strong><\/p>\n<p>Podemos atualizar esta pol\u00edtica periodicamente, atrav\u00e9s da publica\u00e7\u00e3o de uma nova vers\u00e3o em nosso site. Voc\u00ea deve verificar esta p\u00e1gina ocasionalmente para garantir que compreende quaisquer altera\u00e7\u00f5es nesta pol\u00edtica. Podemos notific\u00e1-lo sobre altera\u00e7\u00f5es nesta pol\u00edtica por e-mail ou atrav\u00e9s do sistema de mensagens privadas em nosso site.<\/p>\n<p><strong>Seus direitos<\/strong><\/p>\n<p>Voc\u00ea pode nos instruir a fornecer qualquer informa\u00e7\u00e3o pessoal que detenhamos sobre voc\u00ea. O fornecimento dessas informa\u00e7\u00f5es estar\u00e1 sujeito \u00e0 evid\u00eancia apropriada de sua identidade.<\/p>\n<p>Voc\u00ea pode nos instruir a qualquer momento para n\u00e3o processar suas informa\u00e7\u00f5es pessoais para fins de marketing.<\/p>\n<p>Na pr\u00e1tica, voc\u00ea geralmente concordar\u00e1 expressamente com anteced\u00eancia com o uso de suas informa\u00e7\u00f5es pessoais para fins de marketing, ou ofereceremos a oportunidade de n\u00e3o permitir o uso de suas informa\u00e7\u00f5es pessoais para fins de marketing.<\/p>\n<p><strong>Sites de terceiros<\/strong><\/p>\n<p>Nosso site inclui links para e detalhes de sites de terceiros. N\u00e3o temos controle sobre e n\u00e3o somos respons\u00e1veis pelas pol\u00edticas e pr\u00e1ticas de privacidade de terceiros.<\/p>\n<p><strong>Atualiza\u00e7\u00e3o de informa\u00e7\u00f5es<\/strong><\/p>\n<p>Informe-nos se as informa\u00e7\u00f5es pessoais que mantemos sobre voc\u00ea precisam ser corrigidas ou atualizadas.<\/p>\n<p><strong>Cookies<\/strong><\/p>\n<p>Nosso site usa cookies. Um cookie \u00e9 um arquivo que cont\u00e9m um identificador (uma sequ\u00eancia de letras e n\u00fameros) que \u00e9 enviado por um servidor da web para um navegador e armazenado pelo navegador. O identificador \u00e9 ent\u00e3o enviado de volta ao servidor toda vez que o navegador solicita uma p\u00e1gina do servidor.<\/p>\n<p>Os cookies podem ser cookies \u201cpersistentes\u201d ou cookies \u201cde sess\u00e3o\u201d: um cookie persistente ser\u00e1 armazenado por um navegador e permanecer\u00e1 v\u00e1lido at\u00e9 a data de vencimento definida, a menos que seja exclu\u00eddo pelo usu\u00e1rio antes da data de vencimento; um cookie de sess\u00e3o, por outro lado, expirar\u00e1 no final da sess\u00e3o do usu\u00e1rio, quando o navegador for fechado.<\/p>\n<p>Os cookies normalmente n\u00e3o cont\u00eam nenhuma informa\u00e7\u00e3o que identifique pessoalmente um usu\u00e1rio, mas as informa\u00e7\u00f5es pessoais que armazenamos sobre voc\u00ea podem estar vinculadas \u00e0s informa\u00e7\u00f5es armazenadas e obtidas a partir de cookies.<\/p>\n<p>Os nomes dos cookies que usamos em nosso site e os prop\u00f3sitos para os quais s\u00e3o usados est\u00e3o descritos abaixo:<\/p>\n<ul>\n<li>usamos o Google Analytics e o Adwords em nosso site para reconhecer um computador quando um usu\u00e1rio acessa o site \/ rastrear usu\u00e1rios enquanto eles navegam no site \/ melhorar a usabilidade do site \/ analisar o uso do site \/ administrar o site \/ evitar fraudes e melhorar a seguran\u00e7a do site \/ personalizar o site para cada usu\u00e1rio \/ segmentar an\u00fancios que podem ser de interesse particular para usu\u00e1rios espec\u00edficos;<\/li>\n<\/ul>\n<p>A maioria dos navegadores permite que voc\u00ea se recuse a aceitar cookies. Contudo, o bloqueio de todos os cookies causar\u00e1 um impacto negativo na usabilidade de muitos sites. Se voc\u00ea bloquear os cookies, n\u00e3o poder\u00e1 usar todos os recursos em nosso site.<\/p>\n<p><strong>Contato<\/strong><\/p>\n<p>Qualquer d\u00favida ou pedido, por favor, entre em contato pelo e-mail assessoria@deputadovander.com.br.<\/p>\n<\/div><\/div><\/div><\/div><\/div><\/div><\/div><\/div>","protected":false},"excerpt":{"rendered":"","protected":false},"author":2,"featured_media":0,"parent":0,"menu_order":0,"comment_status":"closed","ping_status":"closed","template":"","meta":{"jetpack_post_was_ever_published":false,"footnotes":""},"class_list":["post-18774","page","type-page","status-publish"],"yoast_head":"<!-- This site is optimized with the Yoast SEO plugin v27.4 - https:\/\/yoast.com\/product\/yoast-seo-wordpress\/ -->\n<title>Pol\u00edtica de privacidade &#187; Deputado Federal Vander Loubet<\/title>\n<meta name=\"robots\" content=\"index, follow, max-snippet:-1, max-image-preview:large, max-video-preview:-1\" \/>\n<link rel=\"canonical\" href=\"https:\/\/vanderloubet.com.br\/deputado\/politica-de-privacidade\/\" \/>\n<meta property=\"og:locale\" content=\"pt_BR\" \/>\n<meta property=\"og:type\" content=\"article\" \/>\n<meta property=\"og:title\" content=\"Pol\u00edtica de privacidade &#187; Deputado Federal Vander Loubet\" \/>\n<meta property=\"og:url\" content=\"https:\/\/vanderloubet.com.br\/deputado\/politica-de-privacidade\/\" \/>\n<meta property=\"og:site_name\" content=\"Deputado Federal Vander Loubet\" \/>\n<meta property=\"article:publisher\" content=\"https:\/\/facebook.com\/deputadovander\" \/>\n<meta property=\"article:modified_time\" content=\"2024-11-07T17:45:07+00:00\" \/>\n<meta property=\"og:image\" content=\"https:\/\/vanderloubet.com.br\/deputado\/wp-content\/uploads\/2023\/07\/foto-2023-07-24-logo-vander-loubet.jpg\" \/>\n\t<meta property=\"og:image:width\" content=\"900\" \/>\n\t<meta property=\"og:image:height\" content=\"600\" \/>\n\t<meta property=\"og:image:type\" content=\"image\/jpeg\" \/>\n<meta name=\"twitter:card\" content=\"summary_large_image\" \/>\n<meta name=\"twitter:site\" content=\"@vanderloubet\" \/>\n<script type=\"application\/ld+json\" class=\"yoast-schema-graph\">{\"@context\":\"https:\\\/\\\/schema.org\",\"@graph\":[{\"@type\":\"WebPage\",\"@id\":\"https:\\\/\\\/vanderloubet.com.br\\\/deputado\\\/politica-de-privacidade\\\/\",\"url\":\"https:\\\/\\\/vanderloubet.com.br\\\/deputado\\\/politica-de-privacidade\\\/\",\"name\":\"Pol\u00edtica de privacidade &#187; Deputado Federal Vander Loubet\",\"isPartOf\":{\"@id\":\"https:\\\/\\\/vanderloubet.com.br\\\/deputado\\\/#website\"},\"datePublished\":\"2023-02-09T02:54:13+00:00\",\"dateModified\":\"2024-11-07T17:45:07+00:00\",\"breadcrumb\":{\"@id\":\"https:\\\/\\\/vanderloubet.com.br\\\/deputado\\\/politica-de-privacidade\\\/#breadcrumb\"},\"inLanguage\":\"pt-BR\",\"potentialAction\":[{\"@type\":\"ReadAction\",\"target\":[\"https:\\\/\\\/vanderloubet.com.br\\\/deputado\\\/politica-de-privacidade\\\/\"]}]},{\"@type\":\"BreadcrumbList\",\"@id\":\"https:\\\/\\\/vanderloubet.com.br\\\/deputado\\\/politica-de-privacidade\\\/#breadcrumb\",\"itemListElement\":[{\"@type\":\"ListItem\",\"position\":1,\"name\":\"In\u00edcio\",\"item\":\"https:\\\/\\\/vanderloubet.com.br\\\/deputado\\\/\"},{\"@type\":\"ListItem\",\"position\":2,\"name\":\"Pol\u00edtica de privacidade\"}]},{\"@type\":\"WebSite\",\"@id\":\"https:\\\/\\\/vanderloubet.com.br\\\/deputado\\\/#website\",\"url\":\"https:\\\/\\\/vanderloubet.com.br\\\/deputado\\\/\",\"name\":\"Deputado Federal Vander Loubet\",\"description\":\"O Federal de MS\",\"publisher\":{\"@id\":\"https:\\\/\\\/vanderloubet.com.br\\\/deputado\\\/#organization\"},\"alternateName\":\"Deputado Vander\",\"potentialAction\":[{\"@type\":\"SearchAction\",\"target\":{\"@type\":\"EntryPoint\",\"urlTemplate\":\"https:\\\/\\\/vanderloubet.com.br\\\/deputado\\\/?s={search_term_string}\"},\"query-input\":{\"@type\":\"PropertyValueSpecification\",\"valueRequired\":true,\"valueName\":\"search_term_string\"}}],\"inLanguage\":\"pt-BR\"},{\"@type\":\"Organization\",\"@id\":\"https:\\\/\\\/vanderloubet.com.br\\\/deputado\\\/#organization\",\"name\":\"Deputado Federal Vander Loubet\",\"alternateName\":\"Deputado Vander\",\"url\":\"https:\\\/\\\/vanderloubet.com.br\\\/deputado\\\/\",\"logo\":{\"@type\":\"ImageObject\",\"inLanguage\":\"pt-BR\",\"@id\":\"https:\\\/\\\/vanderloubet.com.br\\\/deputado\\\/#\\\/schema\\\/logo\\\/image\\\/\",\"url\":\"https:\\\/\\\/vanderloubet.com.br\\\/deputado\\\/wp-content\\\/uploads\\\/2023\\\/06\\\/foto-2023-06-19-mandato-deputado-vander.jpg\",\"contentUrl\":\"https:\\\/\\\/vanderloubet.com.br\\\/deputado\\\/wp-content\\\/uploads\\\/2023\\\/06\\\/foto-2023-06-19-mandato-deputado-vander.jpg\",\"width\":1080,\"height\":1080,\"caption\":\"Deputado Federal Vander Loubet\"},\"image\":{\"@id\":\"https:\\\/\\\/vanderloubet.com.br\\\/deputado\\\/#\\\/schema\\\/logo\\\/image\\\/\"},\"sameAs\":[\"https:\\\/\\\/facebook.com\\\/deputadovander\",\"https:\\\/\\\/x.com\\\/vanderloubet\",\"https:\\\/\\\/instagram.com\\\/vanderloubet\",\"https:\\\/\\\/youtube.com\\\/vanderloubet\",\"https:\\\/\\\/tiktok.com\\\/@vanderloubetms\"]}]}<\/script>\n<!-- \/ Yoast SEO plugin. -->","yoast_head_json":{"title":"Pol\u00edtica de privacidade &#187; Deputado Federal Vander Loubet","robots":{"index":"index","follow":"follow","max-snippet":"max-snippet:-1","max-image-preview":"max-image-preview:large","max-video-preview":"max-video-preview:-1"},"canonical":"https:\/\/vanderloubet.com.br\/deputado\/politica-de-privacidade\/","og_locale":"pt_BR","og_type":"article","og_title":"Pol\u00edtica de privacidade &#187; Deputado Federal Vander Loubet","og_url":"https:\/\/vanderloubet.com.br\/deputado\/politica-de-privacidade\/","og_site_name":"Deputado Federal Vander Loubet","article_publisher":"https:\/\/facebook.com\/deputadovander","article_modified_time":"2024-11-07T17:45:07+00:00","og_image":[{"width":900,"height":600,"url":"https:\/\/vanderloubet.com.br\/deputado\/wp-content\/uploads\/2023\/07\/foto-2023-07-24-logo-vander-loubet.jpg","type":"image\/jpeg"}],"twitter_card":"summary_large_image","twitter_site":"@vanderloubet","schema":{"@context":"https:\/\/schema.org","@graph":[{"@type":"WebPage","@id":"https:\/\/vanderloubet.com.br\/deputado\/politica-de-privacidade\/","url":"https:\/\/vanderloubet.com.br\/deputado\/politica-de-privacidade\/","name":"Pol\u00edtica de privacidade &#187; Deputado Federal Vander Loubet","isPartOf":{"@id":"https:\/\/vanderloubet.com.br\/deputado\/#website"},"datePublished":"2023-02-09T02:54:13+00:00","dateModified":"2024-11-07T17:45:07+00:00","breadcrumb":{"@id":"https:\/\/vanderloubet.com.br\/deputado\/politica-de-privacidade\/#breadcrumb"},"inLanguage":"pt-BR","potentialAction":[{"@type":"ReadAction","target":["https:\/\/vanderloubet.com.br\/deputado\/politica-de-privacidade\/"]}]},{"@type":"BreadcrumbList","@id":"https:\/\/vanderloubet.com.br\/deputado\/politica-de-privacidade\/#breadcrumb","itemListElement":[{"@type":"ListItem","position":1,"name":"In\u00edcio","item":"https:\/\/vanderloubet.com.br\/deputado\/"},{"@type":"ListItem","position":2,"name":"Pol\u00edtica de privacidade"}]},{"@type":"WebSite","@id":"https:\/\/vanderloubet.com.br\/deputado\/#website","url":"https:\/\/vanderloubet.com.br\/deputado\/","name":"Deputado Federal Vander Loubet","description":"O Federal de MS","publisher":{"@id":"https:\/\/vanderloubet.com.br\/deputado\/#organization"},"alternateName":"Deputado Vander","potentialAction":[{"@type":"SearchAction","target":{"@type":"EntryPoint","urlTemplate":"https:\/\/vanderloubet.com.br\/deputado\/?s={search_term_string}"},"query-input":{"@type":"PropertyValueSpecification","valueRequired":true,"valueName":"search_term_string"}}],"inLanguage":"pt-BR"},{"@type":"Organization","@id":"https:\/\/vanderloubet.com.br\/deputado\/#organization","name":"Deputado Federal Vander Loubet","alternateName":"Deputado Vander","url":"https:\/\/vanderloubet.com.br\/deputado\/","logo":{"@type":"ImageObject","inLanguage":"pt-BR","@id":"https:\/\/vanderloubet.com.br\/deputado\/#\/schema\/logo\/image\/","url":"https:\/\/vanderloubet.com.br\/deputado\/wp-content\/uploads\/2023\/06\/foto-2023-06-19-mandato-deputado-vander.jpg","contentUrl":"https:\/\/vanderloubet.com.br\/deputado\/wp-content\/uploads\/2023\/06\/foto-2023-06-19-mandato-deputado-vander.jpg","width":1080,"height":1080,"caption":"Deputado Federal Vander Loubet"},"image":{"@id":"https:\/\/vanderloubet.com.br\/deputado\/#\/schema\/logo\/image\/"},"sameAs":["https:\/\/facebook.com\/deputadovander","https:\/\/x.com\/vanderloubet","https:\/\/instagram.com\/vanderloubet","https:\/\/youtube.com\/vanderloubet","https:\/\/tiktok.com\/@vanderloubetms"]}]}},"jetpack_sharing_enabled":true,"_links":{"self":[{"href":"https:\/\/vanderloubet.com.br\/deputado\/wp-json\/wp\/v2\/pages\/18774","targetHints":{"allow":["GET"]}}],"collection":[{"href":"https:\/\/vanderloubet.com.br\/deputado\/wp-json\/wp\/v2\/pages"}],"about":[{"href":"https:\/\/vanderloubet.com.br\/deputado\/wp-json\/wp\/v2\/types\/page"}],"author":[{"embeddable":true,"href":"https:\/\/vanderloubet.com.br\/deputado\/wp-json\/wp\/v2\/users\/2"}],"replies":[{"embeddable":true,"href":"https:\/\/vanderloubet.com.br\/deputado\/wp-json\/wp\/v2\/comments?post=18774"}],"version-history":[{"count":0,"href":"https:\/\/vanderloubet.com.br\/deputado\/wp-json\/wp\/v2\/pages\/18774\/revisions"}],"wp:attachment":[{"href":"https:\/\/vanderloubet.com.br\/deputado\/wp-json\/wp\/v2\/media?parent=18774"}],"curies":[{"name":"wp","href":"https:\/\/api.w.org\/{rel}","templated":true}]}}