{"id":14956,"date":"2019-04-02T23:06:09","date_gmt":"2019-04-03T03:06:09","guid":{"rendered":"http:\/\/vanderloubet.com.br\/deputado\/?page_id=14956"},"modified":"2024-11-07T13:49:33","modified_gmt":"2024-11-07T17:49:33","slug":"estagio-visita-camara","status":"publish","type":"page","link":"https:\/\/vanderloubet.com.br\/deputado\/mais\/estagio-visita-camara\/","title":{"rendered":"Est\u00e1gio-Visita C\u00e2mara"},"content":{"rendered":"<div id=\"tdi_1\" class=\"tdc-zone\"><div class=\"tdc_zone tdi_2  wpb_row td-pb-row\"  >\n<style scoped>\n\/* custom css - generated by TagDiv Composer *\/\n\n\/* custom css - generated by TagDiv Composer *\/\n.tdi_2{\r\n                    min-height: 0;\r\n                }\n<\/style><div id=\"tdi_3\" class=\"tdc-row\"><div class=\"vc_row tdi_4  wpb_row td-pb-row\" >\n<style scoped>\n\/* custom css - generated by TagDiv Composer *\/\n\n\/* custom css - generated by TagDiv Composer *\/\n.tdi_4,\r\n                .tdi_4 .tdc-columns{\r\n                    min-height: 0;\r\n                }.tdi_4,\r\n\t\t\t\t.tdi_4 .tdc-columns{\r\n\t\t\t\t    display: block;\r\n\t\t\t\t}.tdi_4 .tdc-columns{\r\n\t\t\t\t    width: 100%;\r\n\t\t\t\t}.tdi_4:before,\r\n\t\t\t\t.tdi_4:after{\r\n\t\t\t\t    display: table;\r\n\t\t\t\t}\n<\/style><div class=\"vc_column tdi_6  wpb_column vc_column_container tdc-column td-pb-span12\">\n<style scoped>\n\/* custom css - generated by TagDiv Composer *\/\n\n\/* custom css - generated by TagDiv Composer *\/\n.tdi_6{\r\n                    vertical-align: baseline;\r\n                }.tdi_6 > .wpb_wrapper,\r\n\t\t\t\t.tdi_6 > .wpb_wrapper > .tdc-elements{\r\n\t\t\t\t    display: block;\r\n\t\t\t\t}.tdi_6 > .wpb_wrapper > .tdc-elements{\r\n\t\t\t\t    width: 100%;\r\n\t\t\t\t}.tdi_6 > .wpb_wrapper > .vc_row_inner{\r\n\t\t\t\t    width: auto;\r\n\t\t\t\t}.tdi_6 > .wpb_wrapper{\r\n\t\t\t\t    width: auto;\r\n\t\t\t\t    height: auto;\r\n\t\t\t\t}\n<\/style><div class=\"wpb_wrapper\" ><div class=\"td_block_wrap td_block_text_with_title tdi_7 tagdiv-type td-pb-border-top td_block_template_17\"  data-td-block-uid=\"tdi_7\" >\n<style>\n.td_block_template_17.widget > ul > li {\r\n                margin-left: 0 !important;\r\n            }\r\n            .td_block_template_17 {\r\n                transform: translateZ(0);\r\n                -webkit-transform: translateZ(0);\r\n            }\r\n            .td_block_template_17 .td-block-title {\r\n                font-size: 16px;\r\n                font-weight: 500;\r\n                margin: 3px 3px 29px;\r\n                padding: 12px 0 11px;\r\n                line-height: 1;\r\n                position: relative;\r\n                text-align: center;\r\n                border: 1px solid var(--td_header_color, #111);\r\n                background-color: var(--td_theme_color, #fff);\r\n                top: -3px;\r\n            }\r\n            .td_block_template_17 .td-block-title > * {\r\n                color: var(--td_text_header_color, #111);\r\n                margin: 0 15px;\r\n            }\r\n            .td_block_template_17 .td-block-title:before {\r\n                content: '';\r\n                height: 100%;\r\n                position: absolute;\r\n                top: 4px;\r\n                left: -4px;\r\n                right: -4px;\r\n                border: 1px solid var(--td_header_color, #111);\r\n                background-color: var(--td_header_color, #111);\r\n                z-index: -1;\r\n            }\r\n            .td_block_template_17 .td-block-title:after {\r\n                content: '';\r\n                position: absolute;\r\n                top: 100%;\r\n                left: 0;\r\n                right: 0;\r\n                margin: 3px auto 0;\r\n                width: 0;\r\n                height: 0;\r\n                border-style: solid;\r\n                border-width: 8px 8px 0 8px;\r\n                border-color: var(--td_header_color, #111) transparent transparent transparent;\r\n            }\r\n            .td_block_template_17 .td-block-title-wrap {\r\n                transform: translateZ(0);\r\n                -webkit-transform: translateZ(0);\r\n                z-index: 2;\r\n            }\r\n            .td_block_template_17 .td-block-title-wrap .td-wrapper-pulldown-filter {\r\n                background-color: transparent !important;\r\n                display: inline-block;\r\n                color: #111;\r\n                top: -3px;\r\n            }\r\n            .td_block_template_17 .td-block-title-wrap .td-wrapper-pulldown-filter .td-pulldown-filter-display-option {\r\n                height: 100%;\r\n                display: table;\r\n            }\r\n            .td_block_template_17 .td-block-title-wrap .td-wrapper-pulldown-filter i {\r\n                margin-right: 16px;\r\n                color: #111;\r\n            }\r\n            .td_block_template_17 .td-block-title-wrap .td-wrapper-pulldown-filter .td-pulldown-filter-list {\r\n                border-width: 0 1px 1px;\r\n            }\r\n            .td_block_template_17 .td-block-title-wrap .td-wrapper-pulldown-filter .td-pulldown-filter-link {\r\n                padding-right: 32px;\r\n            }\r\n            .td_block_template_17 .td-block-title-wrap .td-wrapper-pulldown-filter .td-pulldown-more {\r\n                vertical-align: middle;\r\n                display: table-cell;\r\n                padding: 0;\r\n                opacity: 0.8;\r\n            }\r\n            @media (max-width: 767px) {\r\n                .td_block_template_17 .td-block-title-wrap .td-wrapper-pulldown-filter .td-pulldown-more {\r\n                    padding-right: 5px;\r\n                }\r\n                .td_block_template_17 .td-block-title-wrap .td-wrapper-pulldown-filter .td-pulldown-more span {\r\n                    display: none;\r\n                }\r\n            }\r\n            .td_block_template_17.widget,\r\n            .td_block_template_17.td_block_social_counter {\r\n                transform: translateZ(0);\r\n                -webkit-transform: translateZ(0);\r\n            }\r\n            .td_block_template_17 .td-related-title a {\r\n                margin-right: 10px;\r\n                margin-left: 10px;\r\n            }\r\n            @media (max-width: 767px) {\r\n                .td_block_template_17 .td-related-title a {\r\n                    margin: 0 8px !important;\r\n                    font-size: 14px;\r\n                }\r\n            }\r\n            .td_block_template_17 .td-related-title .td-cur-simple-item {\r\n                color: var(--td_theme_color, #4db2ec);\r\n            }\r\n            .td-pb-span4 .td_block_template_17 .td-block-title-wrap .td-pulldown-more {\r\n                padding-right: 5px;\r\n            }\r\n            .td-pb-span4 .td_block_template_17 .td-block-title-wrap .td-pulldown-more span {\r\n                display: none;\r\n            }\r\n            .td-pb-span4 .td_block_template_17 .td-block-title-wrap .td-wrapper-pulldown-filter .td-pulldown-filter-link {\r\n                padding-right: 22px;\r\n                padding-left: 26px;\r\n            }\n\/* inline tdc_css att - generated by TagDiv Composer *\/\n\n.tdi_7{\nmargin-bottom:50px !important;\n}\n\n<\/style>\n<style>\n\/* custom css - generated by TagDiv Composer *\/\n.td_block_text_with_title{\r\n                  margin-bottom: 44px;\r\n                  -webkit-transform: translateZ(0);\r\n                  transform: translateZ(0);\r\n                }.td_block_text_with_title p:last-child{\r\n                  margin-bottom: 0;\r\n                }.tdi_7 h4{\r\n\t\t\t        font-weight:600 !important;\r\n\t\t        }\n<\/style><div class=\"td-block-title-wrap\"><h4 class=\"td-block-title\"><span>Programa Est\u00e1gio-Visita da C\u00e2mara<\/span><\/h4><\/div><div class=\"td_mod_wrap td-fix-index\"><p><img decoding=\"async\" class=\"size-large wp-image-14900 alignright\" src=\"http:\/\/vanderloubet.com.br\/deputado\/wp-content\/uploads\/2019\/04\/foto-2019-04-02-estagio-visita-camara-700x467.jpg\" alt=\"Mandato de Vander abre sele\u00e7\u00e3o para Programa Est\u00e1gio-Visita da C\u00e2mara\" width=\"696\" height=\"464\" srcset=\"https:\/\/vanderloubet.com.br\/deputado\/wp-content\/uploads\/2019\/04\/foto-2019-04-02-estagio-visita-camara-700x467.jpg 700w, https:\/\/vanderloubet.com.br\/deputado\/wp-content\/uploads\/2019\/04\/foto-2019-04-02-estagio-visita-camara-350x233.jpg 350w, https:\/\/vanderloubet.com.br\/deputado\/wp-content\/uploads\/2019\/04\/foto-2019-04-02-estagio-visita-camara-768x512.jpg 768w, https:\/\/vanderloubet.com.br\/deputado\/wp-content\/uploads\/2019\/04\/foto-2019-04-02-estagio-visita-camara-630x420.jpg 630w, https:\/\/vanderloubet.com.br\/deputado\/wp-content\/uploads\/2019\/04\/foto-2019-04-02-estagio-visita-camara-696x464.jpg 696w, https:\/\/vanderloubet.com.br\/deputado\/wp-content\/uploads\/2019\/04\/foto-2019-04-02-estagio-visita-camara-1068x712.jpg 1068w, https:\/\/vanderloubet.com.br\/deputado\/wp-content\/uploads\/2019\/04\/foto-2019-04-02-estagio-visita-camara.jpg 1080w\" sizes=\"(max-width: 696px) 100vw, 696px\" \/>A C\u00e2mara dos Deputados oferece, desde 2003, o Programa Est\u00e1gio-Visita de Curta Dura\u00e7\u00e3o. O programa possibilita a universit\u00e1rios de todo o Pa\u00eds o acesso a conhecimentos relacionados ao funcionamento da C\u00e2mara dos Deputados e \u00e0 forma de atua\u00e7\u00e3o de seus representantes, incentivando a participa\u00e7\u00e3o democr\u00e1tica e o exerc\u00edcio da cidadania. O Programa \u00e9 conduzido pelo Centro de Forma\u00e7\u00e3o, Treinamento e Aperfei\u00e7oamento (Cefor). Durante cinco dias, os universit\u00e1rios participam de palestras, debates, visitas, viv\u00eancias e simula\u00e7\u00f5es que possibilitam o desenvolvimento de conhecimentos sobre a democracia e o papel do Legislativo. A programa\u00e7\u00e3o inclui aulas dialogadas sobre o papel institucional da C\u00e2mara dos Deputados e sobre o processo legislativo; jornadas de aprendizagem em diversas \u00e1reas da C\u00e2mara com troca de experi\u00eancias pelo grupo; visitas aos gabinetes, a comiss\u00f5es e ao Plen\u00e1rio; simula\u00e7\u00e3o do funcionamento das comiss\u00f5es; entre outras atividades. O mandato do deputado federal Vander Loubet (PT-MS) est\u00e1 abrindo a sele\u00e7\u00e3o para indicar dois estudantes residentes em Mato Grosso do Sul para o est\u00e1gio deste ano. Os interessados dever\u00e3o seguir os procedimentos abaixo:<\/p>\n<ol>\n<li>Preencher a <a href=\"http:\/\/vanderloubet.com.br\/deputado\/mais\/cadastre-se\/\" target=\"_blank\" rel=\"noopener noreferrer\">ficha de cadastro<\/a> no website do deputado;<\/li>\n<li>Curtir e seguir a <a href=\"https:\/\/facebook.com\/deputadovander\/\" target=\"_blank\" rel=\"noopener noreferrer\">p\u00e1gina do deputado Vander no Facebook<\/a>;<\/li>\n<li>Acessar a <a href=\"https:\/\/facebook.com\/vanderfazmais\/videos\/336809973852176\/\" target=\"_blank\" rel=\"noopener noreferrer\">postagem do deputado sobre o Programa<\/a> e compartilh\u00e1-la em seu perfil pessoal;<\/li>\n<li><a href=\"https:\/\/facebook.com\/vanderfazmais\/videos\/336809973852176\/\" target=\"_blank\" rel=\"noopener noreferrer\">Ainda na postagem, nos coment\u00e1rios<\/a>, responder \u00e0 pergunta: &#8220;Por que quero participar do Est\u00e1gio-Visita da C\u00e2mara dos Deputados?&#8221;.<\/li>\n<\/ol>\n<p>As respostas\/coment\u00e1rios que tiverem mais curtidas dar\u00e3o aos seus autores o direito de receber a indica\u00e7\u00e3o do gabinete. As inscri\u00e7\u00f5es para participar da sele\u00e7\u00e3o v\u00e3o at\u00e9 23 de abril. Os acad\u00eamicos selecionados ser\u00e3o contatados pelo mandato para providenciarem a documenta\u00e7\u00e3o necess\u00e1ria para serem inscritos pelo gabinete no sistema pr\u00f3prio do Est\u00e1gio-Visita. Confirmada a inscri\u00e7\u00e3o, o gabinete enviar\u00e1 um formul\u00e1rio e os documentos do estudante \u00e0 Coordena\u00e7\u00e3o de Recrutamento e Sele\u00e7\u00e3o do Cefor. Somente participar\u00e3o do est\u00e1gio os alunos que receberem, por parte do Cefor, e-mail ou telefonema confirmando sua inscri\u00e7\u00e3o regular no Programa. <strong>Quem pode participar?<\/strong> Estudantes universit\u00e1rios de todas as \u00e1reas de forma\u00e7\u00e3o regularmente matriculados. Estudantes de p\u00f3s-gradua\u00e7\u00e3o tamb\u00e9m est\u00e3o habilitados a participar do Est\u00e1gio-Visita. Para as vagas anunciadas pelo mandato do deputado Vander, os estudantes devem residir em Mato Grosso do Sul. <strong>O que a C\u00e2mara dos Deputados oferece aos universit\u00e1rios?<\/strong><\/p>\n<ul>\n<li>Hospedagem: com in\u00edcio no domingo (a partir das 12h) e t\u00e9rmino no s\u00e1bado (at\u00e9 9h), em alojamento indicado pela C\u00e2mara dos Deputados, que geralmente \u00e9 o da Enap (Escola Nacional de Administra\u00e7\u00e3o P\u00fablica).<\/li>\n<li>Alimenta\u00e7\u00e3o: caf\u00e9 da manh\u00e3, almo\u00e7o, coffee break ou jantar, apenas nos dias \u00fateis, n\u00e3o estando inclu\u00edda alimenta\u00e7\u00e3o ap\u00f3s o almo\u00e7o de sexta-feira. Nos demais dias, o participante dever\u00e1 manter-se por conta pr\u00f3pria.<\/li>\n<li>Translado entre o alojamento e a C\u00e2mara dos Deputados durante a realiza\u00e7\u00e3o do Programa, para os participantes que ficarem hospedados \u00e0s expensas da C\u00e2mara. O translado do aeroporto\/rodovi\u00e1ria para o alojamento e do alojamento para o aeroporto\/rodovi\u00e1ria \u00e9 de responsabilidade do estudante.<\/li>\n<\/ul>\n<p><strong>O Programa tem certifica\u00e7\u00e3o?<\/strong> O Cefor emite um certificado de 40 horas aos participantes que estiverem presentes em 100% das atividades. Para mais informa\u00e7\u00f5es sobre o conte\u00fado do Programa, acesse o site: <a href=\"https:\/\/escolavirtualdecidadania.camara.leg.br\/site\/859\/estagio-visita-de-curta-duracao\/\" target=\"_blank\" rel=\"noopener noreferrer\">https:\/\/escolavirtualdecidadania.camara.leg.br\/site\/859\/estagio-visita-de-curta-duracao\/<\/a><\/p>\n<\/div><\/div><\/div><\/div><\/div><\/div><\/div><\/div>","protected":false},"excerpt":{"rendered":"","protected":false},"author":2,"featured_media":14900,"parent":11933,"menu_order":0,"comment_status":"closed","ping_status":"closed","template":"","meta":{"jetpack_post_was_ever_published":false,"footnotes":""},"class_list":["post-14956","page","type-page","status-publish","has-post-thumbnail"],"yoast_head":"<!-- This site is optimized with the Yoast SEO plugin v27.4 - https:\/\/yoast.com\/product\/yoast-seo-wordpress\/ -->\n<title>Est\u00e1gio-Visita C\u00e2mara &#187; Deputado Federal Vander Loubet<\/title>\n<meta name=\"robots\" content=\"index, follow, max-snippet:-1, max-image-preview:large, max-video-preview:-1\" \/>\n<link rel=\"canonical\" href=\"https:\/\/vanderloubet.com.br\/deputado\/mais\/estagio-visita-camara\/\" \/>\n<meta property=\"og:locale\" content=\"pt_BR\" \/>\n<meta property=\"og:type\" content=\"article\" \/>\n<meta property=\"og:title\" content=\"Est\u00e1gio-Visita C\u00e2mara &#187; Deputado Federal Vander Loubet\" \/>\n<meta property=\"og:url\" content=\"https:\/\/vanderloubet.com.br\/deputado\/mais\/estagio-visita-camara\/\" \/>\n<meta property=\"og:site_name\" content=\"Deputado Federal Vander Loubet\" \/>\n<meta property=\"article:publisher\" content=\"https:\/\/facebook.com\/deputadovander\" \/>\n<meta property=\"article:modified_time\" content=\"2024-11-07T17:49:33+00:00\" \/>\n<meta property=\"og:image\" content=\"https:\/\/vanderloubet.com.br\/deputado\/wp-content\/uploads\/2019\/04\/foto-2019-04-02-estagio-visita-camara.jpg\" \/>\n\t<meta property=\"og:image:width\" content=\"1080\" \/>\n\t<meta property=\"og:image:height\" content=\"720\" \/>\n\t<meta property=\"og:image:type\" content=\"image\/jpeg\" \/>\n<meta name=\"twitter:card\" content=\"summary_large_image\" \/>\n<meta name=\"twitter:site\" content=\"@vanderloubet\" \/>\n<script type=\"application\/ld+json\" class=\"yoast-schema-graph\">{\"@context\":\"https:\\\/\\\/schema.org\",\"@graph\":[{\"@type\":\"WebPage\",\"@id\":\"https:\\\/\\\/vanderloubet.com.br\\\/deputado\\\/mais\\\/estagio-visita-camara\\\/\",\"url\":\"https:\\\/\\\/vanderloubet.com.br\\\/deputado\\\/mais\\\/estagio-visita-camara\\\/\",\"name\":\"Est\u00e1gio-Visita C\u00e2mara &#187; Deputado Federal Vander Loubet\",\"isPartOf\":{\"@id\":\"https:\\\/\\\/vanderloubet.com.br\\\/deputado\\\/#website\"},\"primaryImageOfPage\":{\"@id\":\"https:\\\/\\\/vanderloubet.com.br\\\/deputado\\\/mais\\\/estagio-visita-camara\\\/#primaryimage\"},\"image\":{\"@id\":\"https:\\\/\\\/vanderloubet.com.br\\\/deputado\\\/mais\\\/estagio-visita-camara\\\/#primaryimage\"},\"thumbnailUrl\":\"https:\\\/\\\/vanderloubet.com.br\\\/deputado\\\/wp-content\\\/uploads\\\/2019\\\/04\\\/foto-2019-04-02-estagio-visita-camara.jpg\",\"datePublished\":\"2019-04-03T03:06:09+00:00\",\"dateModified\":\"2024-11-07T17:49:33+00:00\",\"breadcrumb\":{\"@id\":\"https:\\\/\\\/vanderloubet.com.br\\\/deputado\\\/mais\\\/estagio-visita-camara\\\/#breadcrumb\"},\"inLanguage\":\"pt-BR\",\"potentialAction\":[{\"@type\":\"ReadAction\",\"target\":[\"https:\\\/\\\/vanderloubet.com.br\\\/deputado\\\/mais\\\/estagio-visita-camara\\\/\"]}]},{\"@type\":\"ImageObject\",\"inLanguage\":\"pt-BR\",\"@id\":\"https:\\\/\\\/vanderloubet.com.br\\\/deputado\\\/mais\\\/estagio-visita-camara\\\/#primaryimage\",\"url\":\"https:\\\/\\\/vanderloubet.com.br\\\/deputado\\\/wp-content\\\/uploads\\\/2019\\\/04\\\/foto-2019-04-02-estagio-visita-camara.jpg\",\"contentUrl\":\"https:\\\/\\\/vanderloubet.com.br\\\/deputado\\\/wp-content\\\/uploads\\\/2019\\\/04\\\/foto-2019-04-02-estagio-visita-camara.jpg\",\"width\":1080,\"height\":720,\"caption\":\"Mandato de Vander abre sele\u00e7\u00e3o para Programa Est\u00e1gio-Visita da C\u00e2mara\"},{\"@type\":\"BreadcrumbList\",\"@id\":\"https:\\\/\\\/vanderloubet.com.br\\\/deputado\\\/mais\\\/estagio-visita-camara\\\/#breadcrumb\",\"itemListElement\":[{\"@type\":\"ListItem\",\"position\":1,\"name\":\"In\u00edcio\",\"item\":\"https:\\\/\\\/vanderloubet.com.br\\\/deputado\\\/\"},{\"@type\":\"ListItem\",\"position\":2,\"name\":\"Mais\",\"item\":\"https:\\\/\\\/vanderloubet.com.br\\\/deputado\\\/mais\\\/\"},{\"@type\":\"ListItem\",\"position\":3,\"name\":\"Est\u00e1gio-Visita C\u00e2mara\"}]},{\"@type\":\"WebSite\",\"@id\":\"https:\\\/\\\/vanderloubet.com.br\\\/deputado\\\/#website\",\"url\":\"https:\\\/\\\/vanderloubet.com.br\\\/deputado\\\/\",\"name\":\"Deputado Federal Vander Loubet\",\"description\":\"O Federal de MS\",\"publisher\":{\"@id\":\"https:\\\/\\\/vanderloubet.com.br\\\/deputado\\\/#organization\"},\"alternateName\":\"Deputado Vander\",\"potentialAction\":[{\"@type\":\"SearchAction\",\"target\":{\"@type\":\"EntryPoint\",\"urlTemplate\":\"https:\\\/\\\/vanderloubet.com.br\\\/deputado\\\/?s={search_term_string}\"},\"query-input\":{\"@type\":\"PropertyValueSpecification\",\"valueRequired\":true,\"valueName\":\"search_term_string\"}}],\"inLanguage\":\"pt-BR\"},{\"@type\":\"Organization\",\"@id\":\"https:\\\/\\\/vanderloubet.com.br\\\/deputado\\\/#organization\",\"name\":\"Deputado Federal Vander Loubet\",\"alternateName\":\"Deputado Vander\",\"url\":\"https:\\\/\\\/vanderloubet.com.br\\\/deputado\\\/\",\"logo\":{\"@type\":\"ImageObject\",\"inLanguage\":\"pt-BR\",\"@id\":\"https:\\\/\\\/vanderloubet.com.br\\\/deputado\\\/#\\\/schema\\\/logo\\\/image\\\/\",\"url\":\"https:\\\/\\\/vanderloubet.com.br\\\/deputado\\\/wp-content\\\/uploads\\\/2023\\\/06\\\/foto-2023-06-19-mandato-deputado-vander.jpg\",\"contentUrl\":\"https:\\\/\\\/vanderloubet.com.br\\\/deputado\\\/wp-content\\\/uploads\\\/2023\\\/06\\\/foto-2023-06-19-mandato-deputado-vander.jpg\",\"width\":1080,\"height\":1080,\"caption\":\"Deputado Federal Vander Loubet\"},\"image\":{\"@id\":\"https:\\\/\\\/vanderloubet.com.br\\\/deputado\\\/#\\\/schema\\\/logo\\\/image\\\/\"},\"sameAs\":[\"https:\\\/\\\/facebook.com\\\/deputadovander\",\"https:\\\/\\\/x.com\\\/vanderloubet\",\"https:\\\/\\\/instagram.com\\\/vanderloubet\",\"https:\\\/\\\/youtube.com\\\/vanderloubet\",\"https:\\\/\\\/tiktok.com\\\/@vanderloubetms\"]}]}<\/script>\n<!-- \/ Yoast SEO plugin. -->","yoast_head_json":{"title":"Est\u00e1gio-Visita C\u00e2mara &#187; Deputado Federal Vander Loubet","robots":{"index":"index","follow":"follow","max-snippet":"max-snippet:-1","max-image-preview":"max-image-preview:large","max-video-preview":"max-video-preview:-1"},"canonical":"https:\/\/vanderloubet.com.br\/deputado\/mais\/estagio-visita-camara\/","og_locale":"pt_BR","og_type":"article","og_title":"Est\u00e1gio-Visita C\u00e2mara &#187; Deputado Federal Vander Loubet","og_url":"https:\/\/vanderloubet.com.br\/deputado\/mais\/estagio-visita-camara\/","og_site_name":"Deputado Federal Vander Loubet","article_publisher":"https:\/\/facebook.com\/deputadovander","article_modified_time":"2024-11-07T17:49:33+00:00","og_image":[{"width":1080,"height":720,"url":"https:\/\/vanderloubet.com.br\/deputado\/wp-content\/uploads\/2019\/04\/foto-2019-04-02-estagio-visita-camara.jpg","type":"image\/jpeg"}],"twitter_card":"summary_large_image","twitter_site":"@vanderloubet","schema":{"@context":"https:\/\/schema.org","@graph":[{"@type":"WebPage","@id":"https:\/\/vanderloubet.com.br\/deputado\/mais\/estagio-visita-camara\/","url":"https:\/\/vanderloubet.com.br\/deputado\/mais\/estagio-visita-camara\/","name":"Est\u00e1gio-Visita C\u00e2mara &#187; Deputado Federal Vander Loubet","isPartOf":{"@id":"https:\/\/vanderloubet.com.br\/deputado\/#website"},"primaryImageOfPage":{"@id":"https:\/\/vanderloubet.com.br\/deputado\/mais\/estagio-visita-camara\/#primaryimage"},"image":{"@id":"https:\/\/vanderloubet.com.br\/deputado\/mais\/estagio-visita-camara\/#primaryimage"},"thumbnailUrl":"https:\/\/vanderloubet.com.br\/deputado\/wp-content\/uploads\/2019\/04\/foto-2019-04-02-estagio-visita-camara.jpg","datePublished":"2019-04-03T03:06:09+00:00","dateModified":"2024-11-07T17:49:33+00:00","breadcrumb":{"@id":"https:\/\/vanderloubet.com.br\/deputado\/mais\/estagio-visita-camara\/#breadcrumb"},"inLanguage":"pt-BR","potentialAction":[{"@type":"ReadAction","target":["https:\/\/vanderloubet.com.br\/deputado\/mais\/estagio-visita-camara\/"]}]},{"@type":"ImageObject","inLanguage":"pt-BR","@id":"https:\/\/vanderloubet.com.br\/deputado\/mais\/estagio-visita-camara\/#primaryimage","url":"https:\/\/vanderloubet.com.br\/deputado\/wp-content\/uploads\/2019\/04\/foto-2019-04-02-estagio-visita-camara.jpg","contentUrl":"https:\/\/vanderloubet.com.br\/deputado\/wp-content\/uploads\/2019\/04\/foto-2019-04-02-estagio-visita-camara.jpg","width":1080,"height":720,"caption":"Mandato de Vander abre sele\u00e7\u00e3o para Programa Est\u00e1gio-Visita da C\u00e2mara"},{"@type":"BreadcrumbList","@id":"https:\/\/vanderloubet.com.br\/deputado\/mais\/estagio-visita-camara\/#breadcrumb","itemListElement":[{"@type":"ListItem","position":1,"name":"In\u00edcio","item":"https:\/\/vanderloubet.com.br\/deputado\/"},{"@type":"ListItem","position":2,"name":"Mais","item":"https:\/\/vanderloubet.com.br\/deputado\/mais\/"},{"@type":"ListItem","position":3,"name":"Est\u00e1gio-Visita C\u00e2mara"}]},{"@type":"WebSite","@id":"https:\/\/vanderloubet.com.br\/deputado\/#website","url":"https:\/\/vanderloubet.com.br\/deputado\/","name":"Deputado Federal Vander Loubet","description":"O Federal de MS","publisher":{"@id":"https:\/\/vanderloubet.com.br\/deputado\/#organization"},"alternateName":"Deputado Vander","potentialAction":[{"@type":"SearchAction","target":{"@type":"EntryPoint","urlTemplate":"https:\/\/vanderloubet.com.br\/deputado\/?s={search_term_string}"},"query-input":{"@type":"PropertyValueSpecification","valueRequired":true,"valueName":"search_term_string"}}],"inLanguage":"pt-BR"},{"@type":"Organization","@id":"https:\/\/vanderloubet.com.br\/deputado\/#organization","name":"Deputado Federal Vander Loubet","alternateName":"Deputado Vander","url":"https:\/\/vanderloubet.com.br\/deputado\/","logo":{"@type":"ImageObject","inLanguage":"pt-BR","@id":"https:\/\/vanderloubet.com.br\/deputado\/#\/schema\/logo\/image\/","url":"https:\/\/vanderloubet.com.br\/deputado\/wp-content\/uploads\/2023\/06\/foto-2023-06-19-mandato-deputado-vander.jpg","contentUrl":"https:\/\/vanderloubet.com.br\/deputado\/wp-content\/uploads\/2023\/06\/foto-2023-06-19-mandato-deputado-vander.jpg","width":1080,"height":1080,"caption":"Deputado Federal Vander Loubet"},"image":{"@id":"https:\/\/vanderloubet.com.br\/deputado\/#\/schema\/logo\/image\/"},"sameAs":["https:\/\/facebook.com\/deputadovander","https:\/\/x.com\/vanderloubet","https:\/\/instagram.com\/vanderloubet","https:\/\/youtube.com\/vanderloubet","https:\/\/tiktok.com\/@vanderloubetms"]}]}},"jetpack_sharing_enabled":true,"_links":{"self":[{"href":"https:\/\/vanderloubet.com.br\/deputado\/wp-json\/wp\/v2\/pages\/14956","targetHints":{"allow":["GET"]}}],"collection":[{"href":"https:\/\/vanderloubet.com.br\/deputado\/wp-json\/wp\/v2\/pages"}],"about":[{"href":"https:\/\/vanderloubet.com.br\/deputado\/wp-json\/wp\/v2\/types\/page"}],"author":[{"embeddable":true,"href":"https:\/\/vanderloubet.com.br\/deputado\/wp-json\/wp\/v2\/users\/2"}],"replies":[{"embeddable":true,"href":"https:\/\/vanderloubet.com.br\/deputado\/wp-json\/wp\/v2\/comments?post=14956"}],"version-history":[{"count":0,"href":"https:\/\/vanderloubet.com.br\/deputado\/wp-json\/wp\/v2\/pages\/14956\/revisions"}],"up":[{"embeddable":true,"href":"https:\/\/vanderloubet.com.br\/deputado\/wp-json\/wp\/v2\/pages\/11933"}],"wp:featuredmedia":[{"embeddable":true,"href":"https:\/\/vanderloubet.com.br\/deputado\/wp-json\/wp\/v2\/media\/14900"}],"wp:attachment":[{"href":"https:\/\/vanderloubet.com.br\/deputado\/wp-json\/wp\/v2\/media?parent=14956"}],"curies":[{"name":"wp","href":"https:\/\/api.w.org\/{rel}","templated":true}]}}