{"id":135,"date":"2010-02-03T14:57:16","date_gmt":"2010-02-03T18:57:16","guid":{"rendered":"http:\/\/deputadovander.com.br\/website\/?page_id=2"},"modified":"2026-02-02T17:39:57","modified_gmt":"2026-02-02T21:39:57","slug":"vander","status":"publish","type":"page","link":"https:\/\/vanderloubet.com.br\/deputado\/vander\/","title":{"rendered":"Vander"},"content":{"rendered":"<div id=\"tdi_1\" class=\"tdc-zone\"><div class=\"tdc_zone tdi_2  wpb_row td-pb-row\"  >\n<style scoped>\n\/* custom css - generated by TagDiv Composer *\/\n\n\/* custom css - generated by TagDiv Composer *\/\n.tdi_2{\r\n                    min-height: 0;\r\n                }\n<\/style><div id=\"tdi_3\" class=\"tdc-row\"><div class=\"vc_row tdi_4  wpb_row td-pb-row\" >\n<style scoped>\n\/* custom css - generated by TagDiv Composer *\/\n\n\/* custom css - generated by TagDiv Composer *\/\n.tdi_4,\r\n                .tdi_4 .tdc-columns{\r\n                    min-height: 0;\r\n                }.tdi_4,\r\n\t\t\t\t.tdi_4 .tdc-columns{\r\n\t\t\t\t    display: block;\r\n\t\t\t\t}.tdi_4 .tdc-columns{\r\n\t\t\t\t    width: 100%;\r\n\t\t\t\t}.tdi_4:before,\r\n\t\t\t\t.tdi_4:after{\r\n\t\t\t\t    display: table;\r\n\t\t\t\t}\n<\/style><div class=\"vc_column tdi_6  wpb_column vc_column_container tdc-column td-pb-span12\">\n<style scoped>\n\/* custom css - generated by TagDiv Composer *\/\n\n\/* custom css - generated by TagDiv Composer *\/\n.tdi_6{\r\n                    vertical-align: baseline;\r\n                }.tdi_6 > .wpb_wrapper,\r\n\t\t\t\t.tdi_6 > .wpb_wrapper > .tdc-elements{\r\n\t\t\t\t    display: block;\r\n\t\t\t\t}.tdi_6 > .wpb_wrapper > .tdc-elements{\r\n\t\t\t\t    width: 100%;\r\n\t\t\t\t}.tdi_6 > .wpb_wrapper > .vc_row_inner{\r\n\t\t\t\t    width: auto;\r\n\t\t\t\t}.tdi_6 > .wpb_wrapper{\r\n\t\t\t\t    width: auto;\r\n\t\t\t\t    height: auto;\r\n\t\t\t\t}\n<\/style><div class=\"wpb_wrapper\" ><div class=\"tdm_block td_block_wrap tdm_block_inline_image tdi_7 tdm-inline-block tdm-content-horiz-left td-pb-border-top td_block_template_1\"  data-td-block-uid=\"tdi_7\" >\n<style>\n\n\/* inline tdc_css att - generated by TagDiv Composer *\/\n\n.tdi_7{\nmargin-bottom:30px !important;\n}\n\n<\/style>\n<style>\n\/* custom css - generated by TagDiv Composer *\/\n.tdm_block.tdm_block_inline_image{\r\n                  position: relative;\r\n                  margin-bottom: 0;\r\n                  line-height: 0;\r\n                  overflow: hidden;\r\n                }.tdm_block.tdm_block_inline_image .tdm-inline-image-wrap{\r\n                  position: relative;\r\n                  display: inline-block;\r\n                }.tdm_block.tdm_block_inline_image .td-image-video-modal{\r\n                  cursor: pointer;\r\n                }.tdm_block.tdm_block_inline_image .tdm-caption{\r\n                  width: 100%;\r\n                  font-family: Verdana, BlinkMacSystemFont, -apple-system, \"Segoe UI\", Roboto, Oxygen, Ubuntu, Cantarell, \"Open Sans\", \"Helvetica Neue\", sans-serif;\r\n                  padding-top: 6px;\r\n                  padding-bottom: 6px;\r\n                  font-size: 12px;\r\n                  font-style: italic;\r\n                  font-weight: normal;\r\n                  line-height: 17px;\r\n                  color: #444;\r\n                }.tdm_block.tdm_block_inline_image.tdm-caption-over-image .tdm-caption{\r\n                  position: absolute;\r\n                  left: 0;\r\n                  bottom: 0;\r\n                  margin-top: 0;\r\n                  padding-left: 10px;\r\n                  padding-right: 10px;\r\n                  width: 100%;\r\n                  background: rgba(0, 0, 0, 0.7);\r\n                  color: #fff;\r\n                }.tdi_7 .tdm-inline-image-wrap:hover:before{\r\n                    opacity: 0;\r\n                }.tdi_7 .tdm-image{\r\n\t\t\t\t\tborder-color:  #eaeaea;\r\n\t\t\t\t}\n<\/style><div class=\"tdm-inline-image-wrap \" ><img decoding=\"async\" class=\"tdm-image td-fix-index\" src=\"https:\/\/vanderloubet.com.br\/deputado\/wp-content\/uploads\/2024\/11\/foto-2024-11-07-deputado-vander-loubet.jpg\"  title=\"Deputado Federal Vander Loubet (PT-MS)\" alt=\"Deputado Federal Vander Loubet (PT-MS)\" width=\"1280\" height=\"853\"><\/div><\/div><div class=\"td_block_wrap td_block_text_with_title tdi_8 tagdiv-type td-pb-border-top td_block_template_17\"  data-td-block-uid=\"tdi_8\" >\n<style>\n.td_block_template_17.widget > ul > li {\r\n                margin-left: 0 !important;\r\n            }\r\n            .td_block_template_17 {\r\n                transform: translateZ(0);\r\n                -webkit-transform: translateZ(0);\r\n            }\r\n            .td_block_template_17 .td-block-title {\r\n                font-size: 16px;\r\n                font-weight: 500;\r\n                margin: 3px 3px 29px;\r\n                padding: 12px 0 11px;\r\n                line-height: 1;\r\n                position: relative;\r\n                text-align: center;\r\n                border: 1px solid var(--td_header_color, #111);\r\n                background-color: var(--td_theme_color, #fff);\r\n                top: -3px;\r\n            }\r\n            .td_block_template_17 .td-block-title > * {\r\n                color: var(--td_text_header_color, #111);\r\n                margin: 0 15px;\r\n            }\r\n            .td_block_template_17 .td-block-title:before {\r\n                content: '';\r\n                height: 100%;\r\n                position: absolute;\r\n                top: 4px;\r\n                left: -4px;\r\n                right: -4px;\r\n                border: 1px solid var(--td_header_color, #111);\r\n                background-color: var(--td_header_color, #111);\r\n                z-index: -1;\r\n            }\r\n            .td_block_template_17 .td-block-title:after {\r\n                content: '';\r\n                position: absolute;\r\n                top: 100%;\r\n                left: 0;\r\n                right: 0;\r\n                margin: 3px auto 0;\r\n                width: 0;\r\n                height: 0;\r\n                border-style: solid;\r\n                border-width: 8px 8px 0 8px;\r\n                border-color: var(--td_header_color, #111) transparent transparent transparent;\r\n            }\r\n            .td_block_template_17 .td-block-title-wrap {\r\n                transform: translateZ(0);\r\n                -webkit-transform: translateZ(0);\r\n                z-index: 2;\r\n            }\r\n            .td_block_template_17 .td-block-title-wrap .td-wrapper-pulldown-filter {\r\n                background-color: transparent !important;\r\n                display: inline-block;\r\n                color: #111;\r\n                top: -3px;\r\n            }\r\n            .td_block_template_17 .td-block-title-wrap .td-wrapper-pulldown-filter .td-pulldown-filter-display-option {\r\n                height: 100%;\r\n                display: table;\r\n            }\r\n            .td_block_template_17 .td-block-title-wrap .td-wrapper-pulldown-filter i {\r\n                margin-right: 16px;\r\n                color: #111;\r\n            }\r\n            .td_block_template_17 .td-block-title-wrap .td-wrapper-pulldown-filter .td-pulldown-filter-list {\r\n                border-width: 0 1px 1px;\r\n            }\r\n            .td_block_template_17 .td-block-title-wrap .td-wrapper-pulldown-filter .td-pulldown-filter-link {\r\n                padding-right: 32px;\r\n            }\r\n            .td_block_template_17 .td-block-title-wrap .td-wrapper-pulldown-filter .td-pulldown-more {\r\n                vertical-align: middle;\r\n                display: table-cell;\r\n                padding: 0;\r\n                opacity: 0.8;\r\n            }\r\n            @media (max-width: 767px) {\r\n                .td_block_template_17 .td-block-title-wrap .td-wrapper-pulldown-filter .td-pulldown-more {\r\n                    padding-right: 5px;\r\n                }\r\n                .td_block_template_17 .td-block-title-wrap .td-wrapper-pulldown-filter .td-pulldown-more span {\r\n                    display: none;\r\n                }\r\n            }\r\n            .td_block_template_17.widget,\r\n            .td_block_template_17.td_block_social_counter {\r\n                transform: translateZ(0);\r\n                -webkit-transform: translateZ(0);\r\n            }\r\n            .td_block_template_17 .td-related-title a {\r\n                margin-right: 10px;\r\n                margin-left: 10px;\r\n            }\r\n            @media (max-width: 767px) {\r\n                .td_block_template_17 .td-related-title a {\r\n                    margin: 0 8px !important;\r\n                    font-size: 14px;\r\n                }\r\n            }\r\n            .td_block_template_17 .td-related-title .td-cur-simple-item {\r\n                color: var(--td_theme_color, #4db2ec);\r\n            }\r\n            .td-pb-span4 .td_block_template_17 .td-block-title-wrap .td-pulldown-more {\r\n                padding-right: 5px;\r\n            }\r\n            .td-pb-span4 .td_block_template_17 .td-block-title-wrap .td-pulldown-more span {\r\n                display: none;\r\n            }\r\n            .td-pb-span4 .td_block_template_17 .td-block-title-wrap .td-wrapper-pulldown-filter .td-pulldown-filter-link {\r\n                padding-right: 22px;\r\n                padding-left: 26px;\r\n            }\r\n            \r\n            \r\n\r\n            \r\n            .tdi_8 .td-block-title {\r\n                background-color: #ffffff !important;\r\n            }\n\/* inline tdc_css att - generated by TagDiv Composer *\/\n\n.tdi_8{\nmargin-bottom:40px !important;\n}\n\n<\/style>\n<style>\n\/* custom css - generated by TagDiv Composer *\/\n.td_block_text_with_title{\r\n                  margin-bottom: 44px;\r\n                  -webkit-transform: translateZ(0);\r\n                  transform: translateZ(0);\r\n                }.td_block_text_with_title p:last-child{\r\n                  margin-bottom: 0;\r\n                }.tdi_8 h1{\r\n\t\t\t        font-style:normal !important;font-weight:400 !important;text-transform:none !important;\r\n\t\t        }.tdi_8 h4{\r\n\t\t\t        font-weight:600 !important;\r\n\t\t        }\n<\/style><div class=\"td-block-title-wrap\"><h4 class=\"td-block-title\"><span>Uma hist\u00f3ria de luta pelos trabalhadores<\/span><\/h4><\/div><div class=\"td_mod_wrap td-fix-index\"><p><strong>Vander<\/strong> Luiz dos Santos <strong>Loubet<\/strong> \u00e9 banc\u00e1rio, bacharel em Direito pela Universidade Cat\u00f3lica Dom Bosco (UCDB). \u00c9 casado com Roseli, pai de Tamara e de Bernardo e av\u00f4 de Liz e Maya. Nasceu em Porto Murtinho, em 22 de janeiro de 1964, filho de Bernardo Loubet (militar da reserva do Ex\u00e9rcito Brasileiro, j\u00e1 falecido) e de Aparecida Loubet (a &#8220;Dona Beca&#8221;, dona de casa, tamb\u00e9m j\u00e1 falecida).<\/p>\n<p>Mudou-se para Campo Grande em 1981, ainda adolescente, para estudar e batalhar por uma vida melhor. No mesmo ano, passou a atuar no movimento estudantil secundarista (na antiga Escola Mace) e, posteriormente, universit\u00e1rio (na antiga Fucmat, atual UCDB). Tamb\u00e9m deu os primeiros passos na pol\u00edtica como um dos fundadores do Partido dos Trabalhadores (PT) em Mato Grosso do Sul.<\/p>\n<p>Tr\u00eas anos depois, em 1984, como funcion\u00e1rio do extinto banco Banorte, ingressou no Sindicato dos Banc\u00e1rios de Campo Grande e Regi\u00e3o, onde iniciou sua trajet\u00f3ria de luta pelos direitos dos trabalhadores dessa categoria.<\/p>\n<p>Entre 1991 e 1998, Vander foi chefe de gabinete de Zeca do PT, primeiro deputado estadual do partido no estado. Nesse per\u00edodo, ajudou o mandato de Zeca a criar uma forte rela\u00e7\u00e3o com os movimentos sociais e sindicais na luta pela defesa dos servidores p\u00fablicos, dos trabalhadores sem terra e dos povos ind\u00edgenas.<\/p>\n<p>Em 1995, foi eleito foi presidente do Diret\u00f3rio Municipal do PT da Capital.<\/p>\n<p>Ap\u00f3s coordenar a campanha vitoriosa de Zeca para o Governo do Estado na elei\u00e7\u00e3o de 1998, Vander foi secret\u00e1rio estadual de Governo e secret\u00e1rio estadual de Infraestrutura, Obras e Habita\u00e7\u00e3o entre 1999 e 2002, per\u00edodo no qual foi pe\u00e7a fundamental na elabora\u00e7\u00e3o e na execu\u00e7\u00e3o dos programas, obras e a\u00e7\u00f5es que modernizaram e transformaram Mato Grosso do Sul e seus munic\u00edpios.<\/p>\n<p>Em 2001, foi eleito presidente do Diret\u00f3rio Estadual do PT.<\/p>\n<p>Disputou sua primeira elei\u00e7\u00e3o em 2002, sendo eleito deputado federal com 101 mil, o mais votado da hist\u00f3ria de Mato Grosso do Sul at\u00e9 ent\u00e3o. Foi ator decisivo na constru\u00e7\u00e3o do governo Lula, ajudando a aprovar na C\u00e2mara Federal os projetos e medidas que tiraram 28 milh\u00f5es de pessoas da pobreza absoluta, que fizeram 36 milh\u00f5es de pessoas ascenderam \u00e0 classe m\u00e9dia e que garantiram ao Brasil um per\u00edodo de forte crescimento econ\u00f4mico e aumento do poder aquisitivo da classe trabalhadora.<\/p>\n<p>A atua\u00e7\u00e3o de Vander na C\u00e2mara Federal ganhou o reconhecimento da popula\u00e7\u00e3o. Foi reeleito em 2006, 2010, 2014, 2018 e 2022, sendo o \u00fanico deputado federal da hist\u00f3ria de Mato Grosso do Sul a cumprir seis mandatos consecutivo em Bras\u00edlia.<\/p>\n<p>Em 2025, foi eleito novamente presidente do Diret\u00f3rio Estadual do PT.<\/p>\n<p><a href=\"http:\/\/vanderloubet.com.br\/deputado\/wp-content\/uploads\/2022\/03\/minibiografia-vander-loubet-2022.pdf\" target=\"_blank\" rel=\"noopener\"><strong>Baixe aqui um arquivo PDF com a minibiografia de Vander Loubet<\/strong><\/a><\/p>\n<\/div><\/div><div class=\"td_block_wrap td_block_text_with_title tdi_9 tagdiv-type td-pb-border-top td_block_template_17\"  data-td-block-uid=\"tdi_9\" >\n<style>\n.tdi_9 .td-block-title {\r\n                background-color: #ffffff !important;\r\n            }\n\/* inline tdc_css att - generated by TagDiv Composer *\/\n\n.tdi_9{\nmargin-bottom:50px !important;\n--tdb-scroll-anim:none !important;\n}\n\n<\/style>\n<style>\n\/* custom css - generated by TagDiv Composer *\/\n.tdi_9 h1{\r\n\t\t\t        font-style:normal !important;font-weight:400 !important;text-transform:none !important;\r\n\t\t        }.tdi_9 h4{\r\n\t\t\t        font-weight:600 !important;\r\n\t\t        }\n<\/style><div class=\"td-block-title-wrap\"><h4 class=\"td-block-title\"><span>Atua\u00e7\u00e3o que garante resultados<\/span><\/h4><\/div><div class=\"td_mod_wrap td-fix-index\"><p>Vander Loubet \u00e9 um deputado reconhecido por prefeitos, vereadores e lideran\u00e7as, de todos os partidos, por sua grande capacidade de viabilizar e liberar recursos federais. Desde 2003, garantiu R$ 5,1 bilh\u00f5es para Mato Grosso do Sul (Estado e munic\u00edpios), recursos oriundos de emendas parlamentares, programas dos minist\u00e9rios do governo e empresas estatais.<\/p>\n<p>Os investimentos viabilizados por Vander beneficiaram a popula\u00e7\u00e3o de praticamente todas as cidades nas \u00e1reas de sa\u00fade, saneamento b\u00e1sico, educa\u00e7\u00e3o, infraestrutura urbana, esporte e lazer, habita\u00e7\u00e3o, cultura, assist\u00eancia social e agricultura familiar.<\/p>\n<p>Tamb\u00e9m \u00e9 reconhecido como um parlamentar que &#8220;constr\u00f3i pontes&#8221;. Restringe a disputa pol\u00edtica ao per\u00edodo eleitoral e no exerc\u00edcio do seu mandato dialoga com todas as for\u00e7as pol\u00edticas em busca de consensos que destravem a\u00e7\u00f5es e medidas que venham a beneficiar a popula\u00e7\u00e3o.<\/p>\n<p>Outra caracter\u00edstica marcante de Vander \u00e9 seu apre\u00e7o por estrat\u00e9gias. \u00c9 um pol\u00edtico que constantemente l\u00ea e interpreta os sinais do cen\u00e1rio sociopol\u00edtico a fim de formular leituras que auxiliem a tomada de decis\u00f5es, tanto em elei\u00e7\u00f5es quanto em vota\u00e7\u00f5es na C\u00e2mara dos Deputados.<\/p>\n<\/div><\/div><\/div><\/div><\/div><\/div><\/div><\/div>","protected":false},"excerpt":{"rendered":"","protected":false},"author":2,"featured_media":19088,"parent":0,"menu_order":1,"comment_status":"closed","ping_status":"closed","template":"","meta":{"jetpack_post_was_ever_published":false,"footnotes":""},"class_list":["post-135","page","type-page","status-publish","has-post-thumbnail"],"yoast_head":"<!-- This site is optimized with the Yoast SEO plugin v27.4 - https:\/\/yoast.com\/product\/yoast-seo-wordpress\/ -->\n<title>Vander &#187; Deputado Federal Vander Loubet<\/title>\n<meta name=\"robots\" content=\"index, follow, max-snippet:-1, max-image-preview:large, max-video-preview:-1\" \/>\n<link rel=\"canonical\" href=\"https:\/\/vanderloubet.com.br\/deputado\/vander\/\" \/>\n<meta property=\"og:locale\" content=\"pt_BR\" \/>\n<meta property=\"og:type\" content=\"article\" \/>\n<meta property=\"og:title\" content=\"Vander &#187; Deputado Federal Vander Loubet\" \/>\n<meta property=\"og:url\" content=\"https:\/\/vanderloubet.com.br\/deputado\/vander\/\" \/>\n<meta property=\"og:site_name\" content=\"Deputado Federal Vander Loubet\" \/>\n<meta property=\"article:publisher\" content=\"https:\/\/facebook.com\/deputadovander\" \/>\n<meta property=\"article:modified_time\" content=\"2026-02-02T21:39:57+00:00\" \/>\n<meta property=\"og:image\" content=\"https:\/\/vanderloubet.com.br\/deputado\/wp-content\/uploads\/2023\/07\/foto-2023-07-24-logo-vander-loubet.jpg\" \/>\n\t<meta property=\"og:image:width\" content=\"900\" \/>\n\t<meta property=\"og:image:height\" content=\"600\" \/>\n\t<meta property=\"og:image:type\" content=\"image\/jpeg\" \/>\n<meta name=\"twitter:card\" content=\"summary_large_image\" \/>\n<meta name=\"twitter:site\" content=\"@vanderloubet\" \/>\n<script type=\"application\/ld+json\" class=\"yoast-schema-graph\">{\"@context\":\"https:\\\/\\\/schema.org\",\"@graph\":[{\"@type\":\"WebPage\",\"@id\":\"https:\\\/\\\/vanderloubet.com.br\\\/deputado\\\/vander\\\/\",\"url\":\"https:\\\/\\\/vanderloubet.com.br\\\/deputado\\\/vander\\\/\",\"name\":\"Vander &#187; Deputado Federal Vander Loubet\",\"isPartOf\":{\"@id\":\"https:\\\/\\\/vanderloubet.com.br\\\/deputado\\\/#website\"},\"primaryImageOfPage\":{\"@id\":\"https:\\\/\\\/vanderloubet.com.br\\\/deputado\\\/vander\\\/#primaryimage\"},\"image\":{\"@id\":\"https:\\\/\\\/vanderloubet.com.br\\\/deputado\\\/vander\\\/#primaryimage\"},\"thumbnailUrl\":\"https:\\\/\\\/vanderloubet.com.br\\\/deputado\\\/wp-content\\\/uploads\\\/2023\\\/07\\\/foto-2023-07-24-logo-vander-loubet.jpg\",\"datePublished\":\"2010-02-03T18:57:16+00:00\",\"dateModified\":\"2026-02-02T21:39:57+00:00\",\"breadcrumb\":{\"@id\":\"https:\\\/\\\/vanderloubet.com.br\\\/deputado\\\/vander\\\/#breadcrumb\"},\"inLanguage\":\"pt-BR\",\"potentialAction\":[{\"@type\":\"ReadAction\",\"target\":[\"https:\\\/\\\/vanderloubet.com.br\\\/deputado\\\/vander\\\/\"]}]},{\"@type\":\"ImageObject\",\"inLanguage\":\"pt-BR\",\"@id\":\"https:\\\/\\\/vanderloubet.com.br\\\/deputado\\\/vander\\\/#primaryimage\",\"url\":\"https:\\\/\\\/vanderloubet.com.br\\\/deputado\\\/wp-content\\\/uploads\\\/2023\\\/07\\\/foto-2023-07-24-logo-vander-loubet.jpg\",\"contentUrl\":\"https:\\\/\\\/vanderloubet.com.br\\\/deputado\\\/wp-content\\\/uploads\\\/2023\\\/07\\\/foto-2023-07-24-logo-vander-loubet.jpg\",\"width\":900,\"height\":600,\"caption\":\"Deputado Federal Vander Loubet (PT-MS)\"},{\"@type\":\"BreadcrumbList\",\"@id\":\"https:\\\/\\\/vanderloubet.com.br\\\/deputado\\\/vander\\\/#breadcrumb\",\"itemListElement\":[{\"@type\":\"ListItem\",\"position\":1,\"name\":\"In\u00edcio\",\"item\":\"https:\\\/\\\/vanderloubet.com.br\\\/deputado\\\/\"},{\"@type\":\"ListItem\",\"position\":2,\"name\":\"Vander\"}]},{\"@type\":\"WebSite\",\"@id\":\"https:\\\/\\\/vanderloubet.com.br\\\/deputado\\\/#website\",\"url\":\"https:\\\/\\\/vanderloubet.com.br\\\/deputado\\\/\",\"name\":\"Deputado Federal Vander Loubet\",\"description\":\"O Federal de MS\",\"publisher\":{\"@id\":\"https:\\\/\\\/vanderloubet.com.br\\\/deputado\\\/#organization\"},\"alternateName\":\"Deputado Vander\",\"potentialAction\":[{\"@type\":\"SearchAction\",\"target\":{\"@type\":\"EntryPoint\",\"urlTemplate\":\"https:\\\/\\\/vanderloubet.com.br\\\/deputado\\\/?s={search_term_string}\"},\"query-input\":{\"@type\":\"PropertyValueSpecification\",\"valueRequired\":true,\"valueName\":\"search_term_string\"}}],\"inLanguage\":\"pt-BR\"},{\"@type\":\"Organization\",\"@id\":\"https:\\\/\\\/vanderloubet.com.br\\\/deputado\\\/#organization\",\"name\":\"Deputado Federal Vander Loubet\",\"alternateName\":\"Deputado Vander\",\"url\":\"https:\\\/\\\/vanderloubet.com.br\\\/deputado\\\/\",\"logo\":{\"@type\":\"ImageObject\",\"inLanguage\":\"pt-BR\",\"@id\":\"https:\\\/\\\/vanderloubet.com.br\\\/deputado\\\/#\\\/schema\\\/logo\\\/image\\\/\",\"url\":\"https:\\\/\\\/vanderloubet.com.br\\\/deputado\\\/wp-content\\\/uploads\\\/2023\\\/06\\\/foto-2023-06-19-mandato-deputado-vander.jpg\",\"contentUrl\":\"https:\\\/\\\/vanderloubet.com.br\\\/deputado\\\/wp-content\\\/uploads\\\/2023\\\/06\\\/foto-2023-06-19-mandato-deputado-vander.jpg\",\"width\":1080,\"height\":1080,\"caption\":\"Deputado Federal Vander Loubet\"},\"image\":{\"@id\":\"https:\\\/\\\/vanderloubet.com.br\\\/deputado\\\/#\\\/schema\\\/logo\\\/image\\\/\"},\"sameAs\":[\"https:\\\/\\\/facebook.com\\\/deputadovander\",\"https:\\\/\\\/x.com\\\/vanderloubet\",\"https:\\\/\\\/instagram.com\\\/vanderloubet\",\"https:\\\/\\\/youtube.com\\\/vanderloubet\",\"https:\\\/\\\/tiktok.com\\\/@vanderloubetms\"]}]}<\/script>\n<!-- \/ Yoast SEO plugin. -->","yoast_head_json":{"title":"Vander &#187; Deputado Federal Vander Loubet","robots":{"index":"index","follow":"follow","max-snippet":"max-snippet:-1","max-image-preview":"max-image-preview:large","max-video-preview":"max-video-preview:-1"},"canonical":"https:\/\/vanderloubet.com.br\/deputado\/vander\/","og_locale":"pt_BR","og_type":"article","og_title":"Vander &#187; Deputado Federal Vander Loubet","og_url":"https:\/\/vanderloubet.com.br\/deputado\/vander\/","og_site_name":"Deputado Federal Vander Loubet","article_publisher":"https:\/\/facebook.com\/deputadovander","article_modified_time":"2026-02-02T21:39:57+00:00","og_image":[{"width":900,"height":600,"url":"https:\/\/vanderloubet.com.br\/deputado\/wp-content\/uploads\/2023\/07\/foto-2023-07-24-logo-vander-loubet.jpg","type":"image\/jpeg"}],"twitter_card":"summary_large_image","twitter_site":"@vanderloubet","schema":{"@context":"https:\/\/schema.org","@graph":[{"@type":"WebPage","@id":"https:\/\/vanderloubet.com.br\/deputado\/vander\/","url":"https:\/\/vanderloubet.com.br\/deputado\/vander\/","name":"Vander &#187; Deputado Federal Vander Loubet","isPartOf":{"@id":"https:\/\/vanderloubet.com.br\/deputado\/#website"},"primaryImageOfPage":{"@id":"https:\/\/vanderloubet.com.br\/deputado\/vander\/#primaryimage"},"image":{"@id":"https:\/\/vanderloubet.com.br\/deputado\/vander\/#primaryimage"},"thumbnailUrl":"https:\/\/vanderloubet.com.br\/deputado\/wp-content\/uploads\/2023\/07\/foto-2023-07-24-logo-vander-loubet.jpg","datePublished":"2010-02-03T18:57:16+00:00","dateModified":"2026-02-02T21:39:57+00:00","breadcrumb":{"@id":"https:\/\/vanderloubet.com.br\/deputado\/vander\/#breadcrumb"},"inLanguage":"pt-BR","potentialAction":[{"@type":"ReadAction","target":["https:\/\/vanderloubet.com.br\/deputado\/vander\/"]}]},{"@type":"ImageObject","inLanguage":"pt-BR","@id":"https:\/\/vanderloubet.com.br\/deputado\/vander\/#primaryimage","url":"https:\/\/vanderloubet.com.br\/deputado\/wp-content\/uploads\/2023\/07\/foto-2023-07-24-logo-vander-loubet.jpg","contentUrl":"https:\/\/vanderloubet.com.br\/deputado\/wp-content\/uploads\/2023\/07\/foto-2023-07-24-logo-vander-loubet.jpg","width":900,"height":600,"caption":"Deputado Federal Vander Loubet (PT-MS)"},{"@type":"BreadcrumbList","@id":"https:\/\/vanderloubet.com.br\/deputado\/vander\/#breadcrumb","itemListElement":[{"@type":"ListItem","position":1,"name":"In\u00edcio","item":"https:\/\/vanderloubet.com.br\/deputado\/"},{"@type":"ListItem","position":2,"name":"Vander"}]},{"@type":"WebSite","@id":"https:\/\/vanderloubet.com.br\/deputado\/#website","url":"https:\/\/vanderloubet.com.br\/deputado\/","name":"Deputado Federal Vander Loubet","description":"O Federal de MS","publisher":{"@id":"https:\/\/vanderloubet.com.br\/deputado\/#organization"},"alternateName":"Deputado Vander","potentialAction":[{"@type":"SearchAction","target":{"@type":"EntryPoint","urlTemplate":"https:\/\/vanderloubet.com.br\/deputado\/?s={search_term_string}"},"query-input":{"@type":"PropertyValueSpecification","valueRequired":true,"valueName":"search_term_string"}}],"inLanguage":"pt-BR"},{"@type":"Organization","@id":"https:\/\/vanderloubet.com.br\/deputado\/#organization","name":"Deputado Federal Vander Loubet","alternateName":"Deputado Vander","url":"https:\/\/vanderloubet.com.br\/deputado\/","logo":{"@type":"ImageObject","inLanguage":"pt-BR","@id":"https:\/\/vanderloubet.com.br\/deputado\/#\/schema\/logo\/image\/","url":"https:\/\/vanderloubet.com.br\/deputado\/wp-content\/uploads\/2023\/06\/foto-2023-06-19-mandato-deputado-vander.jpg","contentUrl":"https:\/\/vanderloubet.com.br\/deputado\/wp-content\/uploads\/2023\/06\/foto-2023-06-19-mandato-deputado-vander.jpg","width":1080,"height":1080,"caption":"Deputado Federal Vander Loubet"},"image":{"@id":"https:\/\/vanderloubet.com.br\/deputado\/#\/schema\/logo\/image\/"},"sameAs":["https:\/\/facebook.com\/deputadovander","https:\/\/x.com\/vanderloubet","https:\/\/instagram.com\/vanderloubet","https:\/\/youtube.com\/vanderloubet","https:\/\/tiktok.com\/@vanderloubetms"]}]}},"jetpack_sharing_enabled":true,"_links":{"self":[{"href":"https:\/\/vanderloubet.com.br\/deputado\/wp-json\/wp\/v2\/pages\/135","targetHints":{"allow":["GET"]}}],"collection":[{"href":"https:\/\/vanderloubet.com.br\/deputado\/wp-json\/wp\/v2\/pages"}],"about":[{"href":"https:\/\/vanderloubet.com.br\/deputado\/wp-json\/wp\/v2\/types\/page"}],"author":[{"embeddable":true,"href":"https:\/\/vanderloubet.com.br\/deputado\/wp-json\/wp\/v2\/users\/2"}],"replies":[{"embeddable":true,"href":"https:\/\/vanderloubet.com.br\/deputado\/wp-json\/wp\/v2\/comments?post=135"}],"version-history":[{"count":4,"href":"https:\/\/vanderloubet.com.br\/deputado\/wp-json\/wp\/v2\/pages\/135\/revisions"}],"predecessor-version":[{"id":20656,"href":"https:\/\/vanderloubet.com.br\/deputado\/wp-json\/wp\/v2\/pages\/135\/revisions\/20656"}],"wp:featuredmedia":[{"embeddable":true,"href":"https:\/\/vanderloubet.com.br\/deputado\/wp-json\/wp\/v2\/media\/19088"}],"wp:attachment":[{"href":"https:\/\/vanderloubet.com.br\/deputado\/wp-json\/wp\/v2\/media?parent=135"}],"curies":[{"name":"wp","href":"https:\/\/api.w.org\/{rel}","templated":true}]}}