{"id":11933,"date":"2016-11-21T15:43:20","date_gmt":"2016-11-21T19:43:20","guid":{"rendered":"http:\/\/vanderloubet.com.br\/deputado\/?page_id=11933"},"modified":"2019-01-20T18:20:35","modified_gmt":"2019-01-20T21:20:35","slug":"mais","status":"publish","type":"page","link":"https:\/\/vanderloubet.com.br\/deputado\/mais\/","title":{"rendered":"Mais"},"content":{"rendered":"<div id=\"tdi_1\" class=\"tdc-row\"><div class=\"vc_row tdi_2  wpb_row td-pb-row\" >\n<style scoped>\n\/* custom css - generated by TagDiv Composer *\/\n\n\/* custom css - generated by TagDiv Composer *\/\n.tdi_2,\r\n                .tdi_2 .tdc-columns{\r\n                    min-height: 0;\r\n                }.tdi_2,\r\n\t\t\t\t.tdi_2 .tdc-columns{\r\n\t\t\t\t    display: block;\r\n\t\t\t\t}.tdi_2 .tdc-columns{\r\n\t\t\t\t    width: 100%;\r\n\t\t\t\t}.tdi_2:before,\r\n\t\t\t\t.tdi_2:after{\r\n\t\t\t\t    display: table;\r\n\t\t\t\t}\n<\/style><div class=\"vc_column tdi_4  wpb_column vc_column_container tdc-column td-pb-span12\">\n<style scoped>\n\/* custom css - generated by TagDiv Composer *\/\n\n\/* custom css - generated by TagDiv Composer *\/\n.tdi_4{\r\n                    vertical-align: baseline;\r\n                }.tdi_4 > .wpb_wrapper,\r\n\t\t\t\t.tdi_4 > .wpb_wrapper > .tdc-elements{\r\n\t\t\t\t    display: block;\r\n\t\t\t\t}.tdi_4 > .wpb_wrapper > .tdc-elements{\r\n\t\t\t\t    width: 100%;\r\n\t\t\t\t}.tdi_4 > .wpb_wrapper > .vc_row_inner{\r\n\t\t\t\t    width: auto;\r\n\t\t\t\t}.tdi_4 > .wpb_wrapper{\r\n\t\t\t\t    width: auto;\r\n\t\t\t\t    height: auto;\r\n\t\t\t\t}\n<\/style><div class=\"wpb_wrapper\" ><div class=\"td_block_wrap td_block_text_with_title tdi_5 tagdiv-type td-pb-border-top td_block_template_17\"  data-td-block-uid=\"tdi_5\" >\n<style>\n.td_block_template_17.widget > ul > li {\r\n                margin-left: 0 !important;\r\n            }\r\n            .td_block_template_17 {\r\n                transform: translateZ(0);\r\n                -webkit-transform: translateZ(0);\r\n            }\r\n            .td_block_template_17 .td-block-title {\r\n                font-size: 16px;\r\n                font-weight: 500;\r\n                margin: 3px 3px 29px;\r\n                padding: 12px 0 11px;\r\n                line-height: 1;\r\n                position: relative;\r\n                text-align: center;\r\n                border: 1px solid var(--td_header_color, #111);\r\n                background-color: var(--td_theme_color, #fff);\r\n                top: -3px;\r\n            }\r\n            .td_block_template_17 .td-block-title > * {\r\n                color: var(--td_text_header_color, #111);\r\n                margin: 0 15px;\r\n            }\r\n            .td_block_template_17 .td-block-title:before {\r\n                content: '';\r\n                height: 100%;\r\n                position: absolute;\r\n                top: 4px;\r\n                left: -4px;\r\n                right: -4px;\r\n                border: 1px solid var(--td_header_color, #111);\r\n                background-color: var(--td_header_color, #111);\r\n                z-index: -1;\r\n            }\r\n            .td_block_template_17 .td-block-title:after {\r\n                content: '';\r\n                position: absolute;\r\n                top: 100%;\r\n                left: 0;\r\n                right: 0;\r\n                margin: 3px auto 0;\r\n                width: 0;\r\n                height: 0;\r\n                border-style: solid;\r\n                border-width: 8px 8px 0 8px;\r\n                border-color: var(--td_header_color, #111) transparent transparent transparent;\r\n            }\r\n            .td_block_template_17 .td-block-title-wrap {\r\n                transform: translateZ(0);\r\n                -webkit-transform: translateZ(0);\r\n                z-index: 2;\r\n            }\r\n            .td_block_template_17 .td-block-title-wrap .td-wrapper-pulldown-filter {\r\n                background-color: transparent !important;\r\n                display: inline-block;\r\n                color: #111;\r\n                top: -3px;\r\n            }\r\n            .td_block_template_17 .td-block-title-wrap .td-wrapper-pulldown-filter .td-pulldown-filter-display-option {\r\n                height: 100%;\r\n                display: table;\r\n            }\r\n            .td_block_template_17 .td-block-title-wrap .td-wrapper-pulldown-filter i {\r\n                margin-right: 16px;\r\n                color: #111;\r\n            }\r\n            .td_block_template_17 .td-block-title-wrap .td-wrapper-pulldown-filter .td-pulldown-filter-list {\r\n                border-width: 0 1px 1px;\r\n            }\r\n            .td_block_template_17 .td-block-title-wrap .td-wrapper-pulldown-filter .td-pulldown-filter-link {\r\n                padding-right: 32px;\r\n            }\r\n            .td_block_template_17 .td-block-title-wrap .td-wrapper-pulldown-filter .td-pulldown-more {\r\n                vertical-align: middle;\r\n                display: table-cell;\r\n                padding: 0;\r\n                opacity: 0.8;\r\n            }\r\n            @media (max-width: 767px) {\r\n                .td_block_template_17 .td-block-title-wrap .td-wrapper-pulldown-filter .td-pulldown-more {\r\n                    padding-right: 5px;\r\n                }\r\n                .td_block_template_17 .td-block-title-wrap .td-wrapper-pulldown-filter .td-pulldown-more span {\r\n                    display: none;\r\n                }\r\n            }\r\n            .td_block_template_17.widget,\r\n            .td_block_template_17.td_block_social_counter {\r\n                transform: translateZ(0);\r\n                -webkit-transform: translateZ(0);\r\n            }\r\n            .td_block_template_17 .td-related-title a {\r\n                margin-right: 10px;\r\n                margin-left: 10px;\r\n            }\r\n            @media (max-width: 767px) {\r\n                .td_block_template_17 .td-related-title a {\r\n                    margin: 0 8px !important;\r\n                    font-size: 14px;\r\n                }\r\n            }\r\n            .td_block_template_17 .td-related-title .td-cur-simple-item {\r\n                color: var(--td_theme_color, #4db2ec);\r\n            }\r\n            .td-pb-span4 .td_block_template_17 .td-block-title-wrap .td-pulldown-more {\r\n                padding-right: 5px;\r\n            }\r\n            .td-pb-span4 .td_block_template_17 .td-block-title-wrap .td-pulldown-more span {\r\n                display: none;\r\n            }\r\n            .td-pb-span4 .td_block_template_17 .td-block-title-wrap .td-wrapper-pulldown-filter .td-pulldown-filter-link {\r\n                padding-right: 22px;\r\n                padding-left: 26px;\r\n            }\n<\/style>\n<style>\n\/* custom css - generated by TagDiv Composer *\/\n.td_block_text_with_title{\r\n                  margin-bottom: 44px;\r\n                  -webkit-transform: translateZ(0);\r\n                  transform: translateZ(0);\r\n                }.td_block_text_with_title p:last-child{\r\n                  margin-bottom: 0;\r\n                }.tdi_5,\r\n                .tdi_5 p{\r\n\t\t\t        font-size:17px !important;line-height:27px !important;\r\n\t\t        }.tdi_5 h4{\r\n\t\t\t        font-size:16px !important;line-height:18px !important;\r\n\t\t        }\n<\/style><div class=\"td-block-title-wrap\"><h4 class=\"td-block-title\"><span>Mais<\/span><\/h4><\/div><div class=\"td_mod_wrap td-fix-index\"><p>Aproveite a sua vista ao nosso website para ter acesso a informa\u00e7\u00f5es interessantes e\/ou \u00fateis: acompanhe o trabalho da imprensa alternativa, conhe\u00e7a as regi\u00f5es tur\u00edsticas de Mato Grosso do Sul ou veja o que temos em nossa se\u00e7\u00e3o de downloads.<\/p>\n<\/div><\/div><div class=\"td_block_wrap td_block_image_box tdi_6 td-pb-border-top td_block_template_17\"  data-td-block-uid=\"tdi_6\" >\n<style>\n\/* custom css - generated by TagDiv Composer *\/\n.td_block_image_box .td-custom{\r\n                  position: relative;\r\n                }.td_block_image_box .td-custom a:hover:after{\r\n                  opacity: 0.6;\r\n                }.td_block_image_box .td-custom-image a{\r\n                  display: block;\r\n                  background-size: cover;\r\n                  background-position: center;\r\n                }.td_block_image_box .td-custom-image a:before{\r\n                  content: '';\r\n                  width: 100%;\r\n                  height: 100%;\r\n                  opacity: 0.4;\r\n                  position: absolute;\r\n                  top: 0;\r\n                  left: 0;\r\n                  background-color: #000;\r\n                  -webkit-transition: all 0.3s ease 0s;\r\n                  transition: all 0.3s ease 0s;\r\n                }.td_block_image_box .td-custom-image a:after{\r\n                  content: '';\r\n                  border: 1px solid #fff;\r\n                  opacity: 0.3;\r\n                  position: absolute;\r\n                  top: 0;\r\n                  left: 0;\r\n                  bottom: 0;\r\n                  right: 0;\r\n                  margin: 10px;\r\n                  -webkit-transition: all 0.3s ease 0s;\r\n                  transition: all 0.3s ease 0s;\r\n                }.td_block_image_box .td-custom-image.td-no-img-custom-url a{\r\n                  pointer-events: none;\r\n                  cursor: default;\r\n                }.td_block_image_box .td-custom-image img{\r\n                  vertical-align: top;\r\n                }.td_block_image_box .td-custom-title{\r\n                  position: absolute;\r\n                  top: 50%;\r\n                  -webkit-transform: translateY(-50%);\r\n                  transform: translateY(-50%);\r\n                  display: table;\r\n                  text-align: center;\r\n                  width: 100%;\r\n                  padding: 10px 20px;\r\n                  pointer-events: none;\r\n                }.td_block_image_box .entry-title{\r\n                  margin: 0;\r\n                  padding: 0;\r\n                  font-size: 19px;\r\n                  text-transform: uppercase;\r\n                  font-weight: 500;\r\n                }.td_block_image_box .entry-title a{\r\n                  color: #fff;\r\n                }.td_block_image_box .entry-title:after{\r\n                  display: none;\r\n                }.td_block_image_box .td-image-box-row{\r\n                  margin: 0 -20px;\r\n                  *zoom: 1;\r\n                }.td_block_image_box .td-image-box-row:before,\r\n                .td_block_image_box .td-image-box-row:after{\r\n                  display: table;\r\n                  content: '';\r\n                  line-height: 0;\r\n                }.td_block_image_box .td-image-box-row:after{\r\n                  clear: both;\r\n                }.td_block_image_box .td-image-box-span{\r\n                  padding: 0 20px;\r\n                  float: left;\r\n                }.td_block_image_box .td-big-image .td-image-box-span{\r\n                  width: 100%;\r\n                }.td_block_image_box .td-big-image .td-custom-image a{\r\n                  height: 360px;\r\n                }.td_block_image_box .td-medium-image .td-image-box-span{\r\n                  width: 50%;\r\n                }.td_block_image_box .td-medium-image .td-custom-image a{\r\n                  height: 320px;\r\n                }.td_block_image_box .td-small-image .td-image-box-span{\r\n                  width: 33.33333333%;\r\n                }.td_block_image_box .td-small-image .td-custom-image a{\r\n                  height: 220px;\r\n                }.td_block_image_box .td-tiny-image .td-image-box-span{\r\n                  width: 25%;\r\n                }.td_block_image_box .td-tiny-image .td-custom-image a{\r\n                  height: 160px;\r\n                }.td_block_image_box .td-tiny-image .td-custom-image a:after{\r\n                  margin: 8px;\r\n                }.td_block_image_box .td-tiny-image .entry-title{\r\n                  font-size: 12px;\r\n                }.td_block_image_box.td-box-vertical .td-image-box-row{\r\n                  margin-left: 0 !important;\r\n                  margin-right: 0 !important;\r\n                }.td_block_image_box.td-box-vertical .td-image-box-span{\r\n                  float: none;\r\n                  width: 100%;\r\n                  padding-left: 0 !important;\r\n                  padding-right: 0 !important;\r\n                  margin-bottom: 5px;\r\n                }.td_block_image_box.td-box-vertical .td-image-box-span a:after{\r\n                  margin: 8px;\r\n                }.td_block_image_box.td-box-vertical .td-image-box-span:last-child{\r\n                  margin-bottom: 0 !important;\r\n                }.td_block_image_box.td-box-vertical .entry-title{\r\n                  font-size: 15px;\r\n                }.td_block_image_box.td-image-box-top .td-custom-image a{\r\n                  background-position: top center;\r\n                }.td_block_image_box.td-image-box-bottom .td-custom-image a{\r\n                  background-position: bottom center;\r\n                }.td_block_image_box.td-image-box-style-2 .td-custom-image a:before,\r\n                .td_block_image_box.td-image-box-style-2 .td-custom-image a:after{\r\n                  display: none;\r\n                }.td_block_image_box.td-image-box-style-2 .entry-title{\r\n                  font-size: 15px;\r\n                }.td_block_image_box.td-image-box-style-2 .entry-title a{\r\n                  padding: 8px 16px;\r\n                  background-color: #fff;\r\n                  color: #000;\r\n                }.td_block_image_box.td-image-box-style-2 .entry-title a:empty{\r\n                  display: none;\r\n                }.tdi_6 .td-block-title a,\r\n\t\t\t\t.tdi_6 .td-block-title span{\r\n\t\t\t\t\tfont-size:16px !important;line-height:18px !important;\r\n\t\t\t\t}.tdi_6 .entry-title{\r\n\t\t\t\t\tfont-size:20px !important;line-height:22px !important;font-style:normal !important;text-transform:none !important;\r\n\t\t\t\t}@media (max-width: 767px) {\r\n                  .td_block_image_box .td-custom {\r\n                    margin: 0 -20px;\r\n                  }\r\n                  .td_block_image_box .td-custom-image a {\r\n                    margin-bottom: 5px;\r\n                  }\r\n                  .td_block_image_box .td-image-box-row {\r\n                    margin: 0 -20px;\r\n                  }\r\n                  .td_block_image_box .td-image-box-span {\r\n                    width: 100% !important;\r\n                    float: none;\r\n                    padding: 0 10px;\r\n                  }\r\n                  .td_block_image_box .td-big-image .td-custom-image a,\r\n                  .td_block_image_box .td-medium-image .td-custom-image a,\r\n                  .td_block_image_box .td-small-image .td-custom-image a {\r\n                    height: 160px;\r\n                  }\r\n                  .td_block_image_box .entry-title,\r\n                  .td_block_image_box .td-tiny-image .entry-title {\r\n                    font-size: 16px;\r\n                  }\r\n                }\n<\/style><div class=\"td-block-title-wrap\"><\/div><div class=\"td-image-box-row td-small-image\"><div class=\"td-image-box-span\"><div class=\"td-custom\"><div class=\"td-custom-image\"><a style=\"background-image: url('https:\/\/vanderloubet.com.br\/deputado\/wp-content\/uploads\/2019\/01\/mais-midia-independente.jpg');\" href=\"http:\/\/vanderloubet.com.br\/deputado\/mais\/midia-independente\/\"  title=\"Informe-se pela m\u00eddia alternativa\"><\/a><\/div><div class=\"td-custom-title\"><h3 class=\"entry-title\"><a href=\"http:\/\/vanderloubet.com.br\/deputado\/mais\/midia-independente\/\" >Informe-se pela m\u00eddia alternativa<\/a><\/h3><\/div><\/div><\/div><div class=\"td-image-box-span\"><div class=\"td-custom\"><div class=\"td-custom-image\"><a style=\"background-image: url('https:\/\/vanderloubet.com.br\/deputado\/wp-content\/uploads\/2019\/01\/mais-regioes-turisticas-ms.jpg');\" href=\"http:\/\/vanderloubet.com.br\/deputado\/mais\/regioes-turisticas-de-ms\/\"  title=\"mais-regioes-turisticas-ms\"><\/a><\/div><div class=\"td-custom-title\"><h3 class=\"entry-title\"><a href=\"http:\/\/vanderloubet.com.br\/deputado\/mais\/regioes-turisticas-de-ms\/\" >Conhe\u00e7a as 10 regi\u00f5es tur\u00edsticas de MS<\/a><\/h3><\/div><\/div><\/div><div class=\"td-image-box-span\"><div class=\"td-custom\"><div class=\"td-custom-image\"><a style=\"background-image: url('https:\/\/vanderloubet.com.br\/deputado\/wp-content\/uploads\/2019\/01\/mais-downloads.jpg');\" href=\"http:\/\/vanderloubet.com.br\/deputado\/mais\/downloads\/\"  title=\"Downloads\"><\/a><\/div><div class=\"td-custom-title\"><h3 class=\"entry-title\"><a href=\"http:\/\/vanderloubet.com.br\/deputado\/mais\/downloads\/\" >Downloads<\/a><\/h3><\/div><\/div><\/div><\/div><\/div><\/div><\/div><\/div><\/div>","protected":false},"excerpt":{"rendered":"","protected":false},"author":2,"featured_media":0,"parent":0,"menu_order":0,"comment_status":"closed","ping_status":"closed","template":"","meta":{"jetpack_post_was_ever_published":false,"footnotes":""},"class_list":["post-11933","page","type-page","status-publish"],"yoast_head":"<!-- This site is optimized with the Yoast SEO plugin v27.4 - https:\/\/yoast.com\/product\/yoast-seo-wordpress\/ -->\n<title>Mais &#187; Deputado Federal Vander Loubet<\/title>\n<meta name=\"robots\" content=\"index, follow, max-snippet:-1, max-image-preview:large, max-video-preview:-1\" \/>\n<link rel=\"canonical\" href=\"https:\/\/vanderloubet.com.br\/deputado\/mais\/\" \/>\n<meta property=\"og:locale\" content=\"pt_BR\" \/>\n<meta property=\"og:type\" content=\"article\" \/>\n<meta property=\"og:title\" content=\"Mais &#187; Deputado Federal Vander Loubet\" \/>\n<meta property=\"og:url\" content=\"https:\/\/vanderloubet.com.br\/deputado\/mais\/\" \/>\n<meta property=\"og:site_name\" content=\"Deputado Federal Vander Loubet\" \/>\n<meta property=\"article:publisher\" content=\"https:\/\/facebook.com\/deputadovander\" \/>\n<meta property=\"article:modified_time\" content=\"2019-01-20T21:20:35+00:00\" \/>\n<meta property=\"og:image\" content=\"https:\/\/vanderloubet.com.br\/deputado\/wp-content\/uploads\/2023\/07\/foto-2023-07-24-logo-vander-loubet.jpg\" \/>\n\t<meta property=\"og:image:width\" content=\"900\" \/>\n\t<meta property=\"og:image:height\" content=\"600\" \/>\n\t<meta property=\"og:image:type\" content=\"image\/jpeg\" \/>\n<meta name=\"twitter:card\" content=\"summary_large_image\" \/>\n<meta name=\"twitter:site\" content=\"@vanderloubet\" \/>\n<script type=\"application\/ld+json\" class=\"yoast-schema-graph\">{\"@context\":\"https:\\\/\\\/schema.org\",\"@graph\":[{\"@type\":\"WebPage\",\"@id\":\"https:\\\/\\\/vanderloubet.com.br\\\/deputado\\\/mais\\\/\",\"url\":\"https:\\\/\\\/vanderloubet.com.br\\\/deputado\\\/mais\\\/\",\"name\":\"Mais &#187; Deputado Federal Vander Loubet\",\"isPartOf\":{\"@id\":\"https:\\\/\\\/vanderloubet.com.br\\\/deputado\\\/#website\"},\"datePublished\":\"2016-11-21T19:43:20+00:00\",\"dateModified\":\"2019-01-20T21:20:35+00:00\",\"breadcrumb\":{\"@id\":\"https:\\\/\\\/vanderloubet.com.br\\\/deputado\\\/mais\\\/#breadcrumb\"},\"inLanguage\":\"pt-BR\",\"potentialAction\":[{\"@type\":\"ReadAction\",\"target\":[\"https:\\\/\\\/vanderloubet.com.br\\\/deputado\\\/mais\\\/\"]}]},{\"@type\":\"BreadcrumbList\",\"@id\":\"https:\\\/\\\/vanderloubet.com.br\\\/deputado\\\/mais\\\/#breadcrumb\",\"itemListElement\":[{\"@type\":\"ListItem\",\"position\":1,\"name\":\"In\u00edcio\",\"item\":\"https:\\\/\\\/vanderloubet.com.br\\\/deputado\\\/\"},{\"@type\":\"ListItem\",\"position\":2,\"name\":\"Mais\"}]},{\"@type\":\"WebSite\",\"@id\":\"https:\\\/\\\/vanderloubet.com.br\\\/deputado\\\/#website\",\"url\":\"https:\\\/\\\/vanderloubet.com.br\\\/deputado\\\/\",\"name\":\"Deputado Federal Vander Loubet\",\"description\":\"O Federal de MS\",\"publisher\":{\"@id\":\"https:\\\/\\\/vanderloubet.com.br\\\/deputado\\\/#organization\"},\"alternateName\":\"Deputado Vander\",\"potentialAction\":[{\"@type\":\"SearchAction\",\"target\":{\"@type\":\"EntryPoint\",\"urlTemplate\":\"https:\\\/\\\/vanderloubet.com.br\\\/deputado\\\/?s={search_term_string}\"},\"query-input\":{\"@type\":\"PropertyValueSpecification\",\"valueRequired\":true,\"valueName\":\"search_term_string\"}}],\"inLanguage\":\"pt-BR\"},{\"@type\":\"Organization\",\"@id\":\"https:\\\/\\\/vanderloubet.com.br\\\/deputado\\\/#organization\",\"name\":\"Deputado Federal Vander Loubet\",\"alternateName\":\"Deputado Vander\",\"url\":\"https:\\\/\\\/vanderloubet.com.br\\\/deputado\\\/\",\"logo\":{\"@type\":\"ImageObject\",\"inLanguage\":\"pt-BR\",\"@id\":\"https:\\\/\\\/vanderloubet.com.br\\\/deputado\\\/#\\\/schema\\\/logo\\\/image\\\/\",\"url\":\"https:\\\/\\\/vanderloubet.com.br\\\/deputado\\\/wp-content\\\/uploads\\\/2023\\\/06\\\/foto-2023-06-19-mandato-deputado-vander.jpg\",\"contentUrl\":\"https:\\\/\\\/vanderloubet.com.br\\\/deputado\\\/wp-content\\\/uploads\\\/2023\\\/06\\\/foto-2023-06-19-mandato-deputado-vander.jpg\",\"width\":1080,\"height\":1080,\"caption\":\"Deputado Federal Vander Loubet\"},\"image\":{\"@id\":\"https:\\\/\\\/vanderloubet.com.br\\\/deputado\\\/#\\\/schema\\\/logo\\\/image\\\/\"},\"sameAs\":[\"https:\\\/\\\/facebook.com\\\/deputadovander\",\"https:\\\/\\\/x.com\\\/vanderloubet\",\"https:\\\/\\\/instagram.com\\\/vanderloubet\",\"https:\\\/\\\/youtube.com\\\/vanderloubet\",\"https:\\\/\\\/tiktok.com\\\/@vanderloubetms\"]}]}<\/script>\n<!-- \/ Yoast SEO plugin. -->","yoast_head_json":{"title":"Mais &#187; Deputado Federal Vander Loubet","robots":{"index":"index","follow":"follow","max-snippet":"max-snippet:-1","max-image-preview":"max-image-preview:large","max-video-preview":"max-video-preview:-1"},"canonical":"https:\/\/vanderloubet.com.br\/deputado\/mais\/","og_locale":"pt_BR","og_type":"article","og_title":"Mais &#187; Deputado Federal Vander Loubet","og_url":"https:\/\/vanderloubet.com.br\/deputado\/mais\/","og_site_name":"Deputado Federal Vander Loubet","article_publisher":"https:\/\/facebook.com\/deputadovander","article_modified_time":"2019-01-20T21:20:35+00:00","og_image":[{"width":900,"height":600,"url":"https:\/\/vanderloubet.com.br\/deputado\/wp-content\/uploads\/2023\/07\/foto-2023-07-24-logo-vander-loubet.jpg","type":"image\/jpeg"}],"twitter_card":"summary_large_image","twitter_site":"@vanderloubet","schema":{"@context":"https:\/\/schema.org","@graph":[{"@type":"WebPage","@id":"https:\/\/vanderloubet.com.br\/deputado\/mais\/","url":"https:\/\/vanderloubet.com.br\/deputado\/mais\/","name":"Mais &#187; Deputado Federal Vander Loubet","isPartOf":{"@id":"https:\/\/vanderloubet.com.br\/deputado\/#website"},"datePublished":"2016-11-21T19:43:20+00:00","dateModified":"2019-01-20T21:20:35+00:00","breadcrumb":{"@id":"https:\/\/vanderloubet.com.br\/deputado\/mais\/#breadcrumb"},"inLanguage":"pt-BR","potentialAction":[{"@type":"ReadAction","target":["https:\/\/vanderloubet.com.br\/deputado\/mais\/"]}]},{"@type":"BreadcrumbList","@id":"https:\/\/vanderloubet.com.br\/deputado\/mais\/#breadcrumb","itemListElement":[{"@type":"ListItem","position":1,"name":"In\u00edcio","item":"https:\/\/vanderloubet.com.br\/deputado\/"},{"@type":"ListItem","position":2,"name":"Mais"}]},{"@type":"WebSite","@id":"https:\/\/vanderloubet.com.br\/deputado\/#website","url":"https:\/\/vanderloubet.com.br\/deputado\/","name":"Deputado Federal Vander Loubet","description":"O Federal de MS","publisher":{"@id":"https:\/\/vanderloubet.com.br\/deputado\/#organization"},"alternateName":"Deputado Vander","potentialAction":[{"@type":"SearchAction","target":{"@type":"EntryPoint","urlTemplate":"https:\/\/vanderloubet.com.br\/deputado\/?s={search_term_string}"},"query-input":{"@type":"PropertyValueSpecification","valueRequired":true,"valueName":"search_term_string"}}],"inLanguage":"pt-BR"},{"@type":"Organization","@id":"https:\/\/vanderloubet.com.br\/deputado\/#organization","name":"Deputado Federal Vander Loubet","alternateName":"Deputado Vander","url":"https:\/\/vanderloubet.com.br\/deputado\/","logo":{"@type":"ImageObject","inLanguage":"pt-BR","@id":"https:\/\/vanderloubet.com.br\/deputado\/#\/schema\/logo\/image\/","url":"https:\/\/vanderloubet.com.br\/deputado\/wp-content\/uploads\/2023\/06\/foto-2023-06-19-mandato-deputado-vander.jpg","contentUrl":"https:\/\/vanderloubet.com.br\/deputado\/wp-content\/uploads\/2023\/06\/foto-2023-06-19-mandato-deputado-vander.jpg","width":1080,"height":1080,"caption":"Deputado Federal Vander Loubet"},"image":{"@id":"https:\/\/vanderloubet.com.br\/deputado\/#\/schema\/logo\/image\/"},"sameAs":["https:\/\/facebook.com\/deputadovander","https:\/\/x.com\/vanderloubet","https:\/\/instagram.com\/vanderloubet","https:\/\/youtube.com\/vanderloubet","https:\/\/tiktok.com\/@vanderloubetms"]}]}},"jetpack_sharing_enabled":true,"_links":{"self":[{"href":"https:\/\/vanderloubet.com.br\/deputado\/wp-json\/wp\/v2\/pages\/11933","targetHints":{"allow":["GET"]}}],"collection":[{"href":"https:\/\/vanderloubet.com.br\/deputado\/wp-json\/wp\/v2\/pages"}],"about":[{"href":"https:\/\/vanderloubet.com.br\/deputado\/wp-json\/wp\/v2\/types\/page"}],"author":[{"embeddable":true,"href":"https:\/\/vanderloubet.com.br\/deputado\/wp-json\/wp\/v2\/users\/2"}],"replies":[{"embeddable":true,"href":"https:\/\/vanderloubet.com.br\/deputado\/wp-json\/wp\/v2\/comments?post=11933"}],"version-history":[{"count":0,"href":"https:\/\/vanderloubet.com.br\/deputado\/wp-json\/wp\/v2\/pages\/11933\/revisions"}],"wp:attachment":[{"href":"https:\/\/vanderloubet.com.br\/deputado\/wp-json\/wp\/v2\/media?parent=11933"}],"curies":[{"name":"wp","href":"https:\/\/api.w.org\/{rel}","templated":true}]}}