{"id":1037,"date":"2010-05-12T21:58:27","date_gmt":"2010-05-13T01:58:27","guid":{"rendered":"http:\/\/www.deputadovander.com.br\/website\/?page_id=1037"},"modified":"2024-11-07T15:09:21","modified_gmt":"2024-11-07T19:09:21","slug":"comissoes","status":"publish","type":"page","link":"https:\/\/vanderloubet.com.br\/deputado\/realizacoes\/comissoes\/","title":{"rendered":"Participa\u00e7\u00e3o em comiss\u00f5es"},"content":{"rendered":"<div id=\"tdi_1\" class=\"tdc-zone\"><div class=\"tdc_zone tdi_2  wpb_row td-pb-row\"  >\n<style scoped>\n\/* custom css - generated by TagDiv Composer *\/\n\n\/* custom css - generated by TagDiv Composer *\/\n.tdi_2{\r\n                    min-height: 0;\r\n                }\n<\/style><div id=\"tdi_3\" class=\"tdc-row\"><div class=\"vc_row tdi_4  wpb_row td-pb-row\" >\n<style scoped>\n\/* custom css - generated by TagDiv Composer *\/\n\n\/* custom css - generated by TagDiv Composer *\/\n.tdi_4,\r\n                .tdi_4 .tdc-columns{\r\n                    min-height: 0;\r\n                }.tdi_4,\r\n\t\t\t\t.tdi_4 .tdc-columns{\r\n\t\t\t\t    display: block;\r\n\t\t\t\t}.tdi_4 .tdc-columns{\r\n\t\t\t\t    width: 100%;\r\n\t\t\t\t}.tdi_4:before,\r\n\t\t\t\t.tdi_4:after{\r\n\t\t\t\t    display: table;\r\n\t\t\t\t}\n<\/style><div class=\"vc_column tdi_6  wpb_column vc_column_container tdc-column td-pb-span12\">\n<style scoped>\n\/* custom css - generated by TagDiv Composer *\/\n\n\/* custom css - generated by TagDiv Composer *\/\n.tdi_6{\r\n                    vertical-align: baseline;\r\n                }.tdi_6 > .wpb_wrapper,\r\n\t\t\t\t.tdi_6 > .wpb_wrapper > .tdc-elements{\r\n\t\t\t\t    display: block;\r\n\t\t\t\t}.tdi_6 > .wpb_wrapper > .tdc-elements{\r\n\t\t\t\t    width: 100%;\r\n\t\t\t\t}.tdi_6 > .wpb_wrapper > .vc_row_inner{\r\n\t\t\t\t    width: auto;\r\n\t\t\t\t}.tdi_6 > .wpb_wrapper{\r\n\t\t\t\t    width: auto;\r\n\t\t\t\t    height: auto;\r\n\t\t\t\t}\n<\/style><div class=\"wpb_wrapper\" ><div class=\"tdm_block td_block_wrap tdm_block_inline_image tdi_7 tdm-inline-block tdm-content-horiz-left td-pb-border-top td_block_template_1\"  data-td-block-uid=\"tdi_7\" >\n<style>\n\n\/* inline tdc_css att - generated by TagDiv Composer *\/\n\n.tdi_7{\nmargin-bottom:30px !important;\n}\n\n<\/style>\n<style>\n\/* custom css - generated by TagDiv Composer *\/\n.tdm_block.tdm_block_inline_image{\r\n                  position: relative;\r\n                  margin-bottom: 0;\r\n                  line-height: 0;\r\n                  overflow: hidden;\r\n                }.tdm_block.tdm_block_inline_image .tdm-inline-image-wrap{\r\n                  position: relative;\r\n                  display: inline-block;\r\n                }.tdm_block.tdm_block_inline_image .td-image-video-modal{\r\n                  cursor: pointer;\r\n                }.tdm_block.tdm_block_inline_image .tdm-caption{\r\n                  width: 100%;\r\n                  font-family: Verdana, BlinkMacSystemFont, -apple-system, \"Segoe UI\", Roboto, Oxygen, Ubuntu, Cantarell, \"Open Sans\", \"Helvetica Neue\", sans-serif;\r\n                  padding-top: 6px;\r\n                  padding-bottom: 6px;\r\n                  font-size: 12px;\r\n                  font-style: italic;\r\n                  font-weight: normal;\r\n                  line-height: 17px;\r\n                  color: #444;\r\n                }.tdm_block.tdm_block_inline_image.tdm-caption-over-image .tdm-caption{\r\n                  position: absolute;\r\n                  left: 0;\r\n                  bottom: 0;\r\n                  margin-top: 0;\r\n                  padding-left: 10px;\r\n                  padding-right: 10px;\r\n                  width: 100%;\r\n                  background: rgba(0, 0, 0, 0.7);\r\n                  color: #fff;\r\n                }.tdi_7 .tdm-inline-image-wrap:hover:before{\r\n                    opacity: 0;\r\n                }.tdi_7 .tdm-image{\r\n\t\t\t\t\tborder-color:  #eaeaea;\r\n\t\t\t\t}\n<\/style><div class=\"tdm-inline-image-wrap \" ><img decoding=\"async\" class=\"tdm-image td-fix-index\" src=\"https:\/\/vanderloubet.com.br\/deputado\/wp-content\/uploads\/2022\/12\/foto-2022-12-06-deputado-vander.jpg\"  title=\"Deputado Vander Loubet (PT-MS)\" alt=\"Deputado Vander Loubet (PT-MS)\" width=\"1280\" height=\"640\"><\/div><\/div><div class=\"td_block_wrap td_block_text_with_title tdi_8 tagdiv-type td-pb-border-top td_block_template_17\"  data-td-block-uid=\"tdi_8\" >\n<style>\n.td_block_template_17.widget > ul > li {\r\n                margin-left: 0 !important;\r\n            }\r\n            .td_block_template_17 {\r\n                transform: translateZ(0);\r\n                -webkit-transform: translateZ(0);\r\n            }\r\n            .td_block_template_17 .td-block-title {\r\n                font-size: 16px;\r\n                font-weight: 500;\r\n                margin: 3px 3px 29px;\r\n                padding: 12px 0 11px;\r\n                line-height: 1;\r\n                position: relative;\r\n                text-align: center;\r\n                border: 1px solid var(--td_header_color, #111);\r\n                background-color: var(--td_theme_color, #fff);\r\n                top: -3px;\r\n            }\r\n            .td_block_template_17 .td-block-title > * {\r\n                color: var(--td_text_header_color, #111);\r\n                margin: 0 15px;\r\n            }\r\n            .td_block_template_17 .td-block-title:before {\r\n                content: '';\r\n                height: 100%;\r\n                position: absolute;\r\n                top: 4px;\r\n                left: -4px;\r\n                right: -4px;\r\n                border: 1px solid var(--td_header_color, #111);\r\n                background-color: var(--td_header_color, #111);\r\n                z-index: -1;\r\n            }\r\n            .td_block_template_17 .td-block-title:after {\r\n                content: '';\r\n                position: absolute;\r\n                top: 100%;\r\n                left: 0;\r\n                right: 0;\r\n                margin: 3px auto 0;\r\n                width: 0;\r\n                height: 0;\r\n                border-style: solid;\r\n                border-width: 8px 8px 0 8px;\r\n                border-color: var(--td_header_color, #111) transparent transparent transparent;\r\n            }\r\n            .td_block_template_17 .td-block-title-wrap {\r\n                transform: translateZ(0);\r\n                -webkit-transform: translateZ(0);\r\n                z-index: 2;\r\n            }\r\n            .td_block_template_17 .td-block-title-wrap .td-wrapper-pulldown-filter {\r\n                background-color: transparent !important;\r\n                display: inline-block;\r\n                color: #111;\r\n                top: -3px;\r\n            }\r\n            .td_block_template_17 .td-block-title-wrap .td-wrapper-pulldown-filter .td-pulldown-filter-display-option {\r\n                height: 100%;\r\n                display: table;\r\n            }\r\n            .td_block_template_17 .td-block-title-wrap .td-wrapper-pulldown-filter i {\r\n                margin-right: 16px;\r\n                color: #111;\r\n            }\r\n            .td_block_template_17 .td-block-title-wrap .td-wrapper-pulldown-filter .td-pulldown-filter-list {\r\n                border-width: 0 1px 1px;\r\n            }\r\n            .td_block_template_17 .td-block-title-wrap .td-wrapper-pulldown-filter .td-pulldown-filter-link {\r\n                padding-right: 32px;\r\n            }\r\n            .td_block_template_17 .td-block-title-wrap .td-wrapper-pulldown-filter .td-pulldown-more {\r\n                vertical-align: middle;\r\n                display: table-cell;\r\n                padding: 0;\r\n                opacity: 0.8;\r\n            }\r\n            @media (max-width: 767px) {\r\n                .td_block_template_17 .td-block-title-wrap .td-wrapper-pulldown-filter .td-pulldown-more {\r\n                    padding-right: 5px;\r\n                }\r\n                .td_block_template_17 .td-block-title-wrap .td-wrapper-pulldown-filter .td-pulldown-more span {\r\n                    display: none;\r\n                }\r\n            }\r\n            .td_block_template_17.widget,\r\n            .td_block_template_17.td_block_social_counter {\r\n                transform: translateZ(0);\r\n                -webkit-transform: translateZ(0);\r\n            }\r\n            .td_block_template_17 .td-related-title a {\r\n                margin-right: 10px;\r\n                margin-left: 10px;\r\n            }\r\n            @media (max-width: 767px) {\r\n                .td_block_template_17 .td-related-title a {\r\n                    margin: 0 8px !important;\r\n                    font-size: 14px;\r\n                }\r\n            }\r\n            .td_block_template_17 .td-related-title .td-cur-simple-item {\r\n                color: var(--td_theme_color, #4db2ec);\r\n            }\r\n            .td-pb-span4 .td_block_template_17 .td-block-title-wrap .td-pulldown-more {\r\n                padding-right: 5px;\r\n            }\r\n            .td-pb-span4 .td_block_template_17 .td-block-title-wrap .td-pulldown-more span {\r\n                display: none;\r\n            }\r\n            .td-pb-span4 .td_block_template_17 .td-block-title-wrap .td-wrapper-pulldown-filter .td-pulldown-filter-link {\r\n                padding-right: 22px;\r\n                padding-left: 26px;\r\n            }\n\/* inline tdc_css att - generated by TagDiv Composer *\/\n\n.tdi_8{\nmargin-bottom:50px !important;\n}\n\n<\/style>\n<style>\n\/* custom css - generated by TagDiv Composer *\/\n.td_block_text_with_title{\r\n                  margin-bottom: 44px;\r\n                  -webkit-transform: translateZ(0);\r\n                  transform: translateZ(0);\r\n                }.td_block_text_with_title p:last-child{\r\n                  margin-bottom: 0;\r\n                }.tdi_8,\r\n                .tdi_8 p{\r\n\t\t\t        font-size:17px !important;line-height:27px !important;\r\n\t\t        }.tdi_8 h4{\r\n\t\t\t        font-weight:600 !important;\r\n\t\t        }.tdi_8 li{\r\n\t\t\t        font-size:17px !important;line-height:27px !important;\r\n\t\t        }.tdi_8 li:before{\r\n\t\t\t\t    margin-top: 1px;\r\n\t\t\t        line-height: 27px !important;\r\n\t\t        }\n<\/style><div class=\"td-block-title-wrap\"><h4 class=\"td-block-title\"><span>Participa\u00e7\u00e3o em comiss\u00f5es da C\u00e2mara<\/span><\/h4><\/div><div class=\"td_mod_wrap td-fix-index\"><p>O Congresso Nacional \u00e9 composto de duas Casas: C\u00e2mara dos Deputados e Senado Federal. Cada uma dessas Casas possui comiss\u00f5es parlamentares (permanentes ou tempor\u00e1rias).<\/p>\n<p>As comiss\u00f5es s\u00e3o \u00f3rg\u00e3os t\u00e9cnicos criados pelo Regimento Interno com a finalidade de discutir e votar as propostas de leis que s\u00e3o apresentadas \u00e0 C\u00e2mara. Com rela\u00e7\u00e3o a determinadas proposi\u00e7\u00f5es ou projetos, essas comiss\u00f5es se manifestam emitindo opini\u00e3o t\u00e9cnica sobre o assunto, por meio de pareceres, antes de o assunto ser levado ao Plen\u00e1rio; com rela\u00e7\u00e3o a outras proposi\u00e7\u00f5es elas decidem, aprovando-as ou rejeitando-as, sem a necessidade de passarem elas pelo Plen\u00e1rio da Casa.<\/p>\n<p>A composi\u00e7\u00e3o parlamentar desses \u00f3rg\u00e3os t\u00e9cnicos \u00e9 renovada a cada ano ou sess\u00e3o legislativa. Na a\u00e7\u00e3o fiscalizadora, as comiss\u00f5es atuam como mecanismos de controle dos programas e projetos executados ou em execu\u00e7\u00e3o, a cargo do Poder Executivo. Essas Comiss\u00f5es perduram enquanto constarem do Regimento Interno.<\/p>\n<p>Na legislatura atual (2023-2027), Vander Loubet \u00e9 ou foi <strong>membro titular<\/strong> das seguintes comiss\u00f5es:<\/p>\n<ul>\n<li>CME &#8211; Comiss\u00e3o de Minas e Energia<\/li>\n<\/ul>\n<p>E <strong>membro suplente<\/strong> das seguintes comiss\u00f5es:<\/p>\n<ul>\n<li>CCTCI &#8211; Comiss\u00e3o de Ci\u00eancia e Tecnologia, Comunica\u00e7\u00e3o e Inform\u00e1tica<\/li>\n<li>CCOM &#8211; <span class=\"suplente-comissoes__nome\">Comiss\u00e3o de Comunica\u00e7\u00e3o<\/span><\/li>\n<li>CPCMS &#8211; <span class=\"suplente-comissoes__nome\">Representa\u00e7\u00e3o Brasileira no Parlamento do Mercosul<\/span><\/li>\n<li>CAPADR &#8211; <span class=\"suplente-comissoes__nome\">Comiss\u00e3o de Agricultura, Pecu\u00e1ria, Abastecimento e Desenvolvimento Rural<\/span><\/li>\n<\/ul>\n<\/div><\/div><\/div><\/div><\/div><\/div><\/div><\/div>","protected":false},"excerpt":{"rendered":"","protected":false},"author":2,"featured_media":0,"parent":3006,"menu_order":0,"comment_status":"closed","ping_status":"closed","template":"","meta":{"jetpack_post_was_ever_published":false,"footnotes":""},"class_list":["post-1037","page","type-page","status-publish"],"yoast_head":"<!-- This site is optimized with the Yoast SEO plugin v27.4 - https:\/\/yoast.com\/product\/yoast-seo-wordpress\/ -->\n<title>Participa\u00e7\u00e3o em comiss\u00f5es &#187; Deputado Federal Vander Loubet<\/title>\n<meta name=\"robots\" content=\"index, follow, max-snippet:-1, max-image-preview:large, max-video-preview:-1\" \/>\n<link rel=\"canonical\" href=\"https:\/\/vanderloubet.com.br\/deputado\/realizacoes\/comissoes\/\" \/>\n<meta property=\"og:locale\" content=\"pt_BR\" \/>\n<meta property=\"og:type\" content=\"article\" \/>\n<meta property=\"og:title\" content=\"Participa\u00e7\u00e3o em comiss\u00f5es &#187; Deputado Federal Vander Loubet\" \/>\n<meta property=\"og:url\" content=\"https:\/\/vanderloubet.com.br\/deputado\/realizacoes\/comissoes\/\" \/>\n<meta property=\"og:site_name\" content=\"Deputado Federal Vander Loubet\" \/>\n<meta property=\"article:publisher\" content=\"https:\/\/facebook.com\/deputadovander\" \/>\n<meta property=\"article:modified_time\" content=\"2024-11-07T19:09:21+00:00\" \/>\n<meta property=\"og:image\" content=\"https:\/\/vanderloubet.com.br\/deputado\/wp-content\/uploads\/2023\/07\/foto-2023-07-24-logo-vander-loubet.jpg\" \/>\n\t<meta property=\"og:image:width\" content=\"900\" \/>\n\t<meta property=\"og:image:height\" content=\"600\" \/>\n\t<meta property=\"og:image:type\" content=\"image\/jpeg\" \/>\n<meta name=\"twitter:card\" content=\"summary_large_image\" \/>\n<meta name=\"twitter:site\" content=\"@vanderloubet\" \/>\n<script type=\"application\/ld+json\" class=\"yoast-schema-graph\">{\"@context\":\"https:\\\/\\\/schema.org\",\"@graph\":[{\"@type\":\"WebPage\",\"@id\":\"https:\\\/\\\/vanderloubet.com.br\\\/deputado\\\/realizacoes\\\/comissoes\\\/\",\"url\":\"https:\\\/\\\/vanderloubet.com.br\\\/deputado\\\/realizacoes\\\/comissoes\\\/\",\"name\":\"Participa\u00e7\u00e3o em comiss\u00f5es &#187; Deputado Federal Vander Loubet\",\"isPartOf\":{\"@id\":\"https:\\\/\\\/vanderloubet.com.br\\\/deputado\\\/#website\"},\"datePublished\":\"2010-05-13T01:58:27+00:00\",\"dateModified\":\"2024-11-07T19:09:21+00:00\",\"breadcrumb\":{\"@id\":\"https:\\\/\\\/vanderloubet.com.br\\\/deputado\\\/realizacoes\\\/comissoes\\\/#breadcrumb\"},\"inLanguage\":\"pt-BR\",\"potentialAction\":[{\"@type\":\"ReadAction\",\"target\":[\"https:\\\/\\\/vanderloubet.com.br\\\/deputado\\\/realizacoes\\\/comissoes\\\/\"]}]},{\"@type\":\"BreadcrumbList\",\"@id\":\"https:\\\/\\\/vanderloubet.com.br\\\/deputado\\\/realizacoes\\\/comissoes\\\/#breadcrumb\",\"itemListElement\":[{\"@type\":\"ListItem\",\"position\":1,\"name\":\"In\u00edcio\",\"item\":\"https:\\\/\\\/vanderloubet.com.br\\\/deputado\\\/\"},{\"@type\":\"ListItem\",\"position\":2,\"name\":\"Realiza\u00e7\u00f5es\",\"item\":\"https:\\\/\\\/vanderloubet.com.br\\\/deputado\\\/realizacoes\\\/\"},{\"@type\":\"ListItem\",\"position\":3,\"name\":\"Participa\u00e7\u00e3o em comiss\u00f5es\"}]},{\"@type\":\"WebSite\",\"@id\":\"https:\\\/\\\/vanderloubet.com.br\\\/deputado\\\/#website\",\"url\":\"https:\\\/\\\/vanderloubet.com.br\\\/deputado\\\/\",\"name\":\"Deputado Federal Vander Loubet\",\"description\":\"O Federal de MS\",\"publisher\":{\"@id\":\"https:\\\/\\\/vanderloubet.com.br\\\/deputado\\\/#organization\"},\"alternateName\":\"Deputado Vander\",\"potentialAction\":[{\"@type\":\"SearchAction\",\"target\":{\"@type\":\"EntryPoint\",\"urlTemplate\":\"https:\\\/\\\/vanderloubet.com.br\\\/deputado\\\/?s={search_term_string}\"},\"query-input\":{\"@type\":\"PropertyValueSpecification\",\"valueRequired\":true,\"valueName\":\"search_term_string\"}}],\"inLanguage\":\"pt-BR\"},{\"@type\":\"Organization\",\"@id\":\"https:\\\/\\\/vanderloubet.com.br\\\/deputado\\\/#organization\",\"name\":\"Deputado Federal Vander Loubet\",\"alternateName\":\"Deputado Vander\",\"url\":\"https:\\\/\\\/vanderloubet.com.br\\\/deputado\\\/\",\"logo\":{\"@type\":\"ImageObject\",\"inLanguage\":\"pt-BR\",\"@id\":\"https:\\\/\\\/vanderloubet.com.br\\\/deputado\\\/#\\\/schema\\\/logo\\\/image\\\/\",\"url\":\"https:\\\/\\\/vanderloubet.com.br\\\/deputado\\\/wp-content\\\/uploads\\\/2023\\\/06\\\/foto-2023-06-19-mandato-deputado-vander.jpg\",\"contentUrl\":\"https:\\\/\\\/vanderloubet.com.br\\\/deputado\\\/wp-content\\\/uploads\\\/2023\\\/06\\\/foto-2023-06-19-mandato-deputado-vander.jpg\",\"width\":1080,\"height\":1080,\"caption\":\"Deputado Federal Vander Loubet\"},\"image\":{\"@id\":\"https:\\\/\\\/vanderloubet.com.br\\\/deputado\\\/#\\\/schema\\\/logo\\\/image\\\/\"},\"sameAs\":[\"https:\\\/\\\/facebook.com\\\/deputadovander\",\"https:\\\/\\\/x.com\\\/vanderloubet\",\"https:\\\/\\\/instagram.com\\\/vanderloubet\",\"https:\\\/\\\/youtube.com\\\/vanderloubet\",\"https:\\\/\\\/tiktok.com\\\/@vanderloubetms\"]}]}<\/script>\n<!-- \/ Yoast SEO plugin. -->","yoast_head_json":{"title":"Participa\u00e7\u00e3o em comiss\u00f5es &#187; Deputado Federal Vander Loubet","robots":{"index":"index","follow":"follow","max-snippet":"max-snippet:-1","max-image-preview":"max-image-preview:large","max-video-preview":"max-video-preview:-1"},"canonical":"https:\/\/vanderloubet.com.br\/deputado\/realizacoes\/comissoes\/","og_locale":"pt_BR","og_type":"article","og_title":"Participa\u00e7\u00e3o em comiss\u00f5es &#187; Deputado Federal Vander Loubet","og_url":"https:\/\/vanderloubet.com.br\/deputado\/realizacoes\/comissoes\/","og_site_name":"Deputado Federal Vander Loubet","article_publisher":"https:\/\/facebook.com\/deputadovander","article_modified_time":"2024-11-07T19:09:21+00:00","og_image":[{"width":900,"height":600,"url":"https:\/\/vanderloubet.com.br\/deputado\/wp-content\/uploads\/2023\/07\/foto-2023-07-24-logo-vander-loubet.jpg","type":"image\/jpeg"}],"twitter_card":"summary_large_image","twitter_site":"@vanderloubet","schema":{"@context":"https:\/\/schema.org","@graph":[{"@type":"WebPage","@id":"https:\/\/vanderloubet.com.br\/deputado\/realizacoes\/comissoes\/","url":"https:\/\/vanderloubet.com.br\/deputado\/realizacoes\/comissoes\/","name":"Participa\u00e7\u00e3o em comiss\u00f5es &#187; Deputado Federal Vander Loubet","isPartOf":{"@id":"https:\/\/vanderloubet.com.br\/deputado\/#website"},"datePublished":"2010-05-13T01:58:27+00:00","dateModified":"2024-11-07T19:09:21+00:00","breadcrumb":{"@id":"https:\/\/vanderloubet.com.br\/deputado\/realizacoes\/comissoes\/#breadcrumb"},"inLanguage":"pt-BR","potentialAction":[{"@type":"ReadAction","target":["https:\/\/vanderloubet.com.br\/deputado\/realizacoes\/comissoes\/"]}]},{"@type":"BreadcrumbList","@id":"https:\/\/vanderloubet.com.br\/deputado\/realizacoes\/comissoes\/#breadcrumb","itemListElement":[{"@type":"ListItem","position":1,"name":"In\u00edcio","item":"https:\/\/vanderloubet.com.br\/deputado\/"},{"@type":"ListItem","position":2,"name":"Realiza\u00e7\u00f5es","item":"https:\/\/vanderloubet.com.br\/deputado\/realizacoes\/"},{"@type":"ListItem","position":3,"name":"Participa\u00e7\u00e3o em comiss\u00f5es"}]},{"@type":"WebSite","@id":"https:\/\/vanderloubet.com.br\/deputado\/#website","url":"https:\/\/vanderloubet.com.br\/deputado\/","name":"Deputado Federal Vander Loubet","description":"O Federal de MS","publisher":{"@id":"https:\/\/vanderloubet.com.br\/deputado\/#organization"},"alternateName":"Deputado Vander","potentialAction":[{"@type":"SearchAction","target":{"@type":"EntryPoint","urlTemplate":"https:\/\/vanderloubet.com.br\/deputado\/?s={search_term_string}"},"query-input":{"@type":"PropertyValueSpecification","valueRequired":true,"valueName":"search_term_string"}}],"inLanguage":"pt-BR"},{"@type":"Organization","@id":"https:\/\/vanderloubet.com.br\/deputado\/#organization","name":"Deputado Federal Vander Loubet","alternateName":"Deputado Vander","url":"https:\/\/vanderloubet.com.br\/deputado\/","logo":{"@type":"ImageObject","inLanguage":"pt-BR","@id":"https:\/\/vanderloubet.com.br\/deputado\/#\/schema\/logo\/image\/","url":"https:\/\/vanderloubet.com.br\/deputado\/wp-content\/uploads\/2023\/06\/foto-2023-06-19-mandato-deputado-vander.jpg","contentUrl":"https:\/\/vanderloubet.com.br\/deputado\/wp-content\/uploads\/2023\/06\/foto-2023-06-19-mandato-deputado-vander.jpg","width":1080,"height":1080,"caption":"Deputado Federal Vander Loubet"},"image":{"@id":"https:\/\/vanderloubet.com.br\/deputado\/#\/schema\/logo\/image\/"},"sameAs":["https:\/\/facebook.com\/deputadovander","https:\/\/x.com\/vanderloubet","https:\/\/instagram.com\/vanderloubet","https:\/\/youtube.com\/vanderloubet","https:\/\/tiktok.com\/@vanderloubetms"]}]}},"jetpack_sharing_enabled":true,"_links":{"self":[{"href":"https:\/\/vanderloubet.com.br\/deputado\/wp-json\/wp\/v2\/pages\/1037","targetHints":{"allow":["GET"]}}],"collection":[{"href":"https:\/\/vanderloubet.com.br\/deputado\/wp-json\/wp\/v2\/pages"}],"about":[{"href":"https:\/\/vanderloubet.com.br\/deputado\/wp-json\/wp\/v2\/types\/page"}],"author":[{"embeddable":true,"href":"https:\/\/vanderloubet.com.br\/deputado\/wp-json\/wp\/v2\/users\/2"}],"replies":[{"embeddable":true,"href":"https:\/\/vanderloubet.com.br\/deputado\/wp-json\/wp\/v2\/comments?post=1037"}],"version-history":[{"count":0,"href":"https:\/\/vanderloubet.com.br\/deputado\/wp-json\/wp\/v2\/pages\/1037\/revisions"}],"up":[{"embeddable":true,"href":"https:\/\/vanderloubet.com.br\/deputado\/wp-json\/wp\/v2\/pages\/3006"}],"wp:attachment":[{"href":"https:\/\/vanderloubet.com.br\/deputado\/wp-json\/wp\/v2\/media?parent=1037"}],"curies":[{"name":"wp","href":"https:\/\/api.w.org\/{rel}","templated":true}]}}